{"id":25964319,"date":"2021-08-06T13:47:51","date_gmt":"2021-08-06T13:47:51","guid":{"rendered":"https:\/\/wp.gateme.com\/kasutustingimused\/"},"modified":"2025-10-16T08:19:01","modified_gmt":"2025-10-16T08:19:01","slug":"terms","status":"publish","type":"page","link":"https:\/\/wp.gateme.com\/et\/terms\/","title":{"rendered":"Kasutustingimused"},"content":{"rendered":"<p>[et_pb_section fb_built=&#8221;1&#8243; admin_label=&#8221;Header&#8221; _builder_version=&#8221;4.16&#8243; _module_preset=&#8221;default&#8221; use_background_color_gradient=&#8221;on&#8221; background_color_gradient_type=&#8221;circular&#8221; background_color_gradient_direction_radial=&#8221;bottom&#8221; background_color_gradient_stops=&#8221;#27769a 0%|#000000 90%&#8221; background_color_gradient_start=&#8221;#27769a&#8221; background_color_gradient_end=&#8221;#000000&#8243; background_color_gradient_end_position=&#8221;90%&#8221; background_enable_image=&#8221;off&#8221; background_size=&#8221;contain&#8221; background_position=&#8221;bottom_center&#8221; overflow-x=&#8221;visible&#8221; overflow-y=&#8221;visible&#8221; custom_margin=&#8221;50px|3vw|50px|3vw|false|true&#8221; custom_padding=&#8221;0px||0px||false|false&#8221; background_last_edited=&#8221;on|tablet&#8221; background_mask_aspect_ratio_tablet=&#8221;portrait&#8221; border_radii=&#8221;on|1.5vw|1.5vw|1.5vw|1.5vw&#8221; locked=&#8221;off&#8221; collapsed=&#8221;on&#8221; global_colors_info=&#8221;{%22gcid-64653083-5242-43fe-8dfb-3d72435526c0%22:%91%22background_color_gradient_stops%22,%22background_color_gradient_stops%22%93}&#8221;][et_pb_row _builder_version=&#8221;4.21.0&#8243; _module_preset=&#8221;default&#8221; width=&#8221;90%&#8221; custom_padding=&#8221;68px||40px|||&#8221; locked=&#8221;off&#8221; global_colors_info=&#8221;{}&#8221;][et_pb_column type=&#8221;4_4&#8243; _builder_version=&#8221;4.21.0&#8243; _module_preset=&#8221;default&#8221; global_colors_info=&#8221;{}&#8221;][et_pb_text _builder_version=&#8221;4.27.4&#8243; _module_preset=&#8221;f021f819-6644-4181-99da-306200320a84&#8243; header_font=&#8221;Inter|700|||||||&#8221; header_text_color=&#8221;#FFFFFF&#8221; header_font_size=&#8221;55px&#8221; header_line_height=&#8221;1.15em&#8221; text_orientation=&#8221;center&#8221; custom_margin=&#8221;||10px||false|false&#8221; header_font_size_tablet=&#8221;40px&#8221; header_font_size_phone=&#8221;24px&#8221; header_font_size_last_edited=&#8221;on|desktop&#8221; global_colors_info=&#8221;{}&#8221;]<\/p>\n<h1 style=\"text-align: center;\">Kasutustingimused<\/h1>\n<p>[\/et_pb_text][et_pb_text _builder_version=&#8221;4.16&#8243; _module_preset=&#8221;e60e9dbe-afe3-420a-8618-fdee020217e9&#8243; text_text_color=&#8221;#FFFFFF&#8221; text_font_size=&#8221;18px&#8221; text_line_height=&#8221;1.8em&#8221; custom_margin=&#8221;||41px|||&#8221; text_font_size_tablet=&#8221;15px&#8221; text_font_size_phone=&#8221;14px&#8221; text_font_size_last_edited=&#8221;on|desktop&#8221; locked=&#8221;off&#8221; global_colors_info=&#8221;{}&#8221;]<\/p>\n<p style=\"text-align: center;\">Vii oma s\u00fcndmused j\u00e4rgmisele tasemele GateMe\u2019ga!<\/p>\n<p>[\/et_pb_text][\/et_pb_column][\/et_pb_row][\/et_pb_section][et_pb_section fb_built=&#8221;1&#8243; _builder_version=&#8221;4.16&#8243; _module_preset=&#8221;default&#8221; custom_padding=&#8221;0px|||||&#8221; global_colors_info=&#8221;{}&#8221;][et_pb_row _builder_version=&#8221;4.16&#8243; _module_preset=&#8221;default&#8221; custom_padding=&#8221;0px|||||&#8221; global_colors_info=&#8221;{}&#8221;][et_pb_column type=&#8221;4_4&#8243; _builder_version=&#8221;4.16&#8243; _module_preset=&#8221;default&#8221; global_colors_info=&#8221;{}&#8221;][et_pb_text _builder_version=&#8221;4.27.4&#8243; _module_preset=&#8221;default&#8221; text_font=&#8221;Poppins||||||||&#8221; text_text_color=&#8221;#FFFFFF&#8221; text_font_size=&#8221;16px&#8221; header_font=&#8221;Poppins||||||||&#8221; header_line_height=&#8221;1.4em&#8221; header_2_font=&#8221;Poppins|700|||||||&#8221; header_2_text_color=&#8221;#FFFFFF&#8221; header_2_font_size=&#8221;30px&#8221; header_2_line_height=&#8221;1.2em&#8221; header_3_font_size=&#8221;40px&#8221; background_color=&#8221;#14192d&#8221; custom_margin=&#8221;1px|||||&#8221; custom_padding=&#8221;30px|30px|30px|30px|true|true&#8221; border_radii=&#8221;on|10px|10px|10px|10px&#8221; global_colors_info=&#8221;{}&#8221;]<\/p>\n<p>GateMe Interneti lehek\u00fclje (edaspidi\u00a0<u>GateMe<\/u>) k\u00fclastamisel ja kasutamisel tuleb t\u00e4ita allj\u00e4rgnevaid tingimusi (edaspidi\u00a0<u>tingimused<\/u>).<\/p>\n<p>&nbsp;<\/p>\n<ul>\n<li>GateMe lehek\u00fclge haldab BaBash Group O\u00dc (edaspidi\u00a0<u>BaBash Group<\/u>), aadress M\u00e4ealuse 2\/1, Tallinn, Harjumaa, 12618, Eesti; e-post:\u00a0<a href=\"mailto:info@gateme.com\">info@gateme.com<\/a>.<\/li>\n<li>BaBash Group ei ole \u00fchegi \u00fcrituse korraldaja. BaBash Group pakub v\u00f5imalust listi osta \u00fcrituse korraldaja vms \u00fclesandel ning nimel ja kulul ega oma \u00f5igust listi lisamise hinna ja m\u00fc\u00fcgitingimuste kehtestamiseks ning muutmiseks, sh ei maksa raha tagasi ega korva \u00fcritusega seotud esemeid. Listis olemisega seotud \u00f5igused ja kohustused kehtestab ning neist teavitab \u00fcrituse korraldaja ning BaBash Group ei vastuta \u00fchelgi juhul nende \u00f5iguste ja kohustuste sisu, muutmise, t\u00e4itmise jms eest.<\/li>\n<li>BaBash Groupi platvorm \u00fcrituste korraldajatele GateMe on t\u00e4iesti tasuta, kui pileteid v\u00f5i laudu m\u00fc\u00fcakse eelnimetatud platvormi kaudu. Kui GateMe platvormi kasutatakse ainult k\u00fclaliste haldamiseks, st inimeste lisamiseks k\u00fclaliste nimekirja ja nende registreerimiseks \u00fcrituse ajal, siis lepitakse hind eelnevalt kokku BaBash Groupi esindajaga telefoni, teksti v\u00f5i e-posti teel. Kui \u00fcrituse korraldajat ei \u00f5nnestu kontakteeruda ja hinda ei saa kokku leppida, on k\u00fclaliste haldamise funktsioonide kasutamise tasu \u00fche \u00fcrituse eest 70 \u20ac + k\u00e4ibemaks. Tasu tuleb tasuda p\u00e4rast BaBash Groupi esindajalt saadud arve saamist.<\/li>\n<li>BaBash Group ei tegutse \u00fcrituse korraldaja, artisti ega \u00fcrituse sisu, kvaliteedi, teabe v\u00f5i reklaamide eest vastutava isiku esindajana.<\/li>\n<li>BaBash Group ega \u00fcrituse korraldaja ei ole kohustatud tagastama raha, kui klient on muutnud oma nime v\u00f5i ei osale \u00fcritusel.<\/li>\n<li>BaBash Group j\u00e4tab endale \u00f5iguse piirata \u00fche kliendi maksete arvu ja t\u00fchistada ost, mis \u00fcletab kehtestatud piiri.<\/li>\n<li>Kui klient on maksnud GateMe kaudu, lisatakse ta automaatselt valitud \u00fcrituse k\u00fclaliste nimekirja ja p\u00e4\u00e4seb \u00f6\u00f6klubisse kehtiva isikut t\u00f5endava dokumendi esitamisel.<\/li>\n<li>Kui \u00fcrituse korraldaja ei luba k\u00fclalist sisse tema riietuse, vanuse v\u00f5i muu korraldaja kehtestatud tingimuse t\u00f5ttu, ei ole BaBash Group kohustatud vahetusi ega tagasimakseid tegema.<\/li>\n<li>BaBash Group ei vastuta sissep\u00e4\u00e4su blokeerimise eest, kui see on tingitud GateMe kasutaja kehtetutest andmetest, kommentaaridest, kolmandate osapoolte tegevusest v\u00f5i muudest asjaoludest, mis ei s\u00f5ltu BaBash Groupist.<\/li>\n<li>BaBash Group ei vastuta sissep\u00e4\u00e4su blokeerimise eest, kui valitud \u00fcritus ja makstud summa ei ole tegelik (vale \u00fcritus, v\u00e4iksem summa). Kui teie sissep\u00e4\u00e4s on muul p\u00f5hjusel blokeeritud, v\u00f5tke \u00fchendust BaBash Groupiga:\u00a0<a href=\"mailto:info@gateme.com\">info@gateme.com<\/a>.<\/li>\n<li>Kui \u00fcritus t\u00fchistatakse, l\u00fckatakse edasi v\u00f5i muudetakse selle asukohta, ei ole BaBash Group kohustatud vahetusi ega tagasimakseid tegema. Vahetused ja\/v\u00f5i tagasimaksed m\u00e4\u00e4rab ja haldab \u00fcrituse korraldaja, kui ei ole teisiti m\u00e4rgitud.<\/li>\n<li>BaBash Group ei vastuta veebisaidile lisatud kommentaaride, panuse v\u00f5i muude andmete eest, mida pakuvad GateMe kasutajad.<\/li>\n<li>GateMe veebisait v\u00f5ib sisaldada viiteid ja linke \u00fclemaailmsele teabele Internetis. Kuna BaBash Groupil ei ole kontrolli nende saitide ja seal pakutava teabe \u00fcle, ei v\u00f5ta BaBash Group vastutust nende saitide t\u00e4psuse, asjakohasuse, sisu ja teabe eest.<\/li>\n<li>Iga selle veebisaidi, selle sisu ja andmete (sh viide GateMe-le) kasutamine ebaseaduslikel eesm\u00e4rkidel, samuti reklaamiks, \u00e4riotstarbel v\u00f5i muudeks kommertstegevusteks (sh klientide v\u00e4rbamine) on keelatud ilma BaBash Groupi eelneva kirjaliku n\u00f5usolekuta.<\/li>\n<li>GateMe kasutaja n\u00f5ustub mitte mingil viisil sekkuma GateMe veebisaidi n\u00f5uetekohasesse toimimisse ja tehnilistesse lahendustesse. GateMe kasutamise j\u00e4lgimine ning selliste andmete kopeerimine, reprodutseerimine, muutmine, kasutamine ja avaldamine mis tahes eesm\u00e4rgil on keelatud. Keelatud on igasugune tegevus, mis p\u00f5hjustab GateMe s\u00fcsteemile, meie veebisaidile v\u00f5i GateMe korrektsele toimimisele ebam\u00f5istlikult suurt koormust.<\/li>\n<li>GateMe veebisaidi kasutustingimuste rikkumine annab BaBash Groupile \u00f5iguse blokeerida juurdep\u00e4\u00e4s ja\/v\u00f5i t\u00fchistada tellimus igale kasutajale.<\/li>\n<li>GateMe veebisaidil tegutsedes n\u00f5ustub kasutaja: 1) olema v\u00e4hemalt 18-aastane t\u00e4ielikult vastutav isik (7\u201318-aastane piiratud vastutusega isik peab kinnitama, et tal on seadusliku esindaja t\u00e4ielik n\u00f5usolek ja v\u00f5imalused GateMe veebisaidi kasutamiseks); 2) olema juriidiline isik, kelle esindaja on volitatud kasutama GateMe veebisaiti tema nimel; 3) j\u00e4rgima k\u00f5iki GateMe veebisaidi kasutustingimusi; 4) v\u00f5tma t\u00e4ieliku vastutuse tagaj\u00e4rgede eest, kui tema kasutajanimi ja parool saavad kolmandale isikule teatavaks; 5) et me v\u00f5ime edastada tema nime, e-posti ja telefoninumbri \u00f6\u00f6klubile.<br \/>BaBash Group ei vastuta t\u00fchistatud \u00fcrituste, nende korralduse, reklaami, teabe ega muude \u00fcritustega seotud asjaolude eest, samuti v\u00f5imalike kahjude ja kahjustuste eest, mis v\u00f5ivad tuleneda \u00fcrituse t\u00fchistamisest.<\/li>\n<li>BaBash Group ei vastuta t\u00fchistatud \u00fcrituste, nende korralduse, reklaami, teabe ega muude \u00fcritustega seotud asjaolude eest, samuti v\u00f5imalike kahjude ja kahjustuste eest, mis v\u00f5ivad tuleneda \u00fcrituse t\u00fchistamisest.<\/li>\n<li>BaBash Group ei vastuta mingite kahjude ega kaotuste eest, mis tulenevad GateMe veebisaidi ja\/v\u00f5i selle sisu kasutamisest ning veebisaidil olevate linkide kasutamisest.<\/li>\n<li>BaBash Group ei kontrolli kasutaja identiteeti, v\u00e4lja arvatud kasutajanime ja parooli.<\/li>\n<li>Ei BaBash Group ega \u00fcrituste korraldajad ei kontrolli maksja identiteeti ega vastuta mingite kahjude eest, mis v\u00f5ivad sellest tuleneda.<\/li>\n<li>BaBash Group j\u00e4tab endale \u00f5iguse muuta kasutustingimusi ilma ette teatamata, muudatused j\u00f5ustuvad nende avaldamisega lehel\u00a0<a href=\"https:\/\/gateme.com\/et\/pro\/terms\/\">https:\/\/gateme.com\/et\/pro\/terms\/<\/a>.<\/li>\n<li>K\u00f5ik kaebused \u00fcrituse sisu, kvaliteedi ja reklaami kohta tuleb esitada \u00fcrituste korraldajatele.<\/li>\n<li>K\u00f5ik GateMe veebisaidi kasutamisest tulenevad vaidlused lahendatakse vastavalt k\u00e4esolevatele kasutustingimustele ja Eesti seadustele.<\/li>\n<\/ul>\n<p>[\/et_pb_text][\/et_pb_column][\/et_pb_row][\/et_pb_section][et_pb_section fb_built=&#8221;1&#8243; admin_label=&#8221;Footer Links&#8221; _builder_version=&#8221;4.27.4&#8243; _module_preset=&#8221;default&#8221; background_color=&#8221;gcid-815ebb39-646b-4c9a-a3e8-ce9c4b7f9e47&#8243; background_enable_color=&#8221;off&#8221; use_background_color_gradient=&#8221;on&#8221; background_color_gradient_type=&#8221;circular&#8221; background_color_gradient_direction_radial=&#8221;bottom left&#8221; background_color_gradient_stops=&#8221;#27769a 0%|#000000 47%&#8221; background_color_gradient_start=&#8221;#27769a&#8221; background_color_gradient_end=&#8221;#000000&#8243; background_color_gradient_end_position=&#8221;47%&#8221; width=&#8221;80%&#8221; module_alignment=&#8221;center&#8221; custom_margin=&#8221;50px||14px||false|false&#8221; custom_padding=&#8221;73px||55px||false|false&#8221; background_last_edited=&#8221;on|tablet&#8221; border_radii=&#8221;on|20px|20px|20px|20px&#8221; saved_tabs=&#8221;all&#8221; locked=&#8221;off&#8221; collapsed=&#8221;on&#8221; global_colors_info=&#8221;{%22gcid-64653083-5242-43fe-8dfb-3d72435526c0%22:%91%22background_color_gradient_stops%22%93,%22gcid-815ebb39-646b-4c9a-a3e8-ce9c4b7f9e47%22:%91%22background_color%22%93,%22gcid-a2ad28b5-d28e-4d1e-9e4d-81a3653a5561%22:%91%22background_color_gradient_stops%22%93}&#8221;][et_pb_row column_structure=&#8221;3_5,1_5,1_5&#8243; _builder_version=&#8221;4.16&#8243; _module_preset=&#8221;default&#8221; global_colors_info=&#8221;{}&#8221;][et_pb_column type=&#8221;3_5&#8243; _builder_version=&#8221;4.16&#8243; _module_preset=&#8221;default&#8221; global_colors_info=&#8221;{}&#8221;][et_pb_image src=&#8221;https:\/\/wp.gateme.com\/wp-content\/uploads\/2025\/05\/logo_dark-1.png&#8221; title_text=&#8221;logo_dark (1)&#8221; url=&#8221;https:\/\/gateme.com\/et\/pro\/&#8221; _builder_version=&#8221;4.27.4&#8243; _module_preset=&#8221;default&#8221; width=&#8221;40%&#8221; width_tablet=&#8221;&#8221; width_phone=&#8221;100%&#8221; width_last_edited=&#8221;on|phone&#8221; max_width=&#8221;68%&#8221; locked=&#8221;off&#8221; global_colors_info=&#8221;{}&#8221;][\/et_pb_image][et_pb_blurb image=&#8221;https:\/\/wp.gateme.com\/wp-content\/uploads\/2025\/05\/Orange-White-Modern-Gradient-IOS-Icon-9-1.png&#8221; icon_placement=&#8221;left&#8221; image_icon_width=&#8221;150%&#8221; _builder_version=&#8221;4.27.4&#8243; _module_preset=&#8221;default&#8221; body_font=&#8221;Poppins|700|||||||&#8221; body_text_color=&#8221;#FFFFFF&#8221; body_line_height=&#8221;2.3em&#8221; background_layout=&#8221;dark&#8221; custom_margin=&#8221;||10px||false|false&#8221; custom_padding=&#8221;|||0px|false|false&#8221; animation=&#8221;off&#8221; image_max_width=&#8221;150%&#8221; locked=&#8221;off&#8221; global_colors_info=&#8221;{}&#8221;]<\/p>\n<p style=\"text-align: left;\"><span>+372 5669 9824<\/span><\/p>\n<p>[\/et_pb_blurb][et_pb_blurb image=&#8221;https:\/\/wp.gateme.com\/wp-content\/uploads\/2025\/05\/Orange-White-Modern-Gradient-IOS-Icon-10.png&#8221; icon_placement=&#8221;left&#8221; _builder_version=&#8221;4.27.4&#8243; _module_preset=&#8221;default&#8221; body_font=&#8221;Poppins|700|||||||&#8221; body_text_color=&#8221;#FFFFFF&#8221; body_line_height=&#8221;2.4em&#8221; background_layout=&#8221;dark&#8221; animation=&#8221;off&#8221; locked=&#8221;off&#8221; global_colors_info=&#8221;{}&#8221;]<\/p>\n<p>info@gateme.com<\/p>\n<p>[\/et_pb_blurb][\/et_pb_column][et_pb_column type=&#8221;1_5&#8243; _builder_version=&#8221;4.16&#8243; _module_preset=&#8221;default&#8221; global_colors_info=&#8221;{}&#8221;][et_pb_text _builder_version=&#8221;4.27.4&#8243; _module_preset=&#8221;default&#8221; text_font=&#8221;Poppins||||||||&#8221; text_text_color=&#8221;#FFFFFF&#8221; header_4_font=&#8221;Poppins|700|||||||&#8221; header_4_text_color=&#8221;#FFFFFF&#8221; locked=&#8221;off&#8221; global_colors_info=&#8221;{}&#8221;]<\/p>\n<h4>Ettev\u00f5ttest<\/h4>\n<hr style=\"width: 50%; float: left;\" \/>\n<p>&nbsp;<\/p>\n<p><span style=\"color: #ffffff;\"><a href=\"https:\/\/gateme.com\/et\/pro\/meist\/\" style=\"color: #ffffff;\">Meist<\/a><br \/><\/span><a href=\"https:\/\/gateme.com\/et\/pro\/meist\/#founders\" style=\"color: #ffffff;\">Kontakt<\/a><br \/><span style=\"color: #ffffff;\"><a href=\"https:\/\/gateme.com\/et\/pro\/blog\/\" style=\"color: #ffffff;\">Blogi<\/a><\/span><\/p>\n<p>[\/et_pb_text][\/et_pb_column][et_pb_column type=&#8221;1_5&#8243; _builder_version=&#8221;4.16&#8243; _module_preset=&#8221;default&#8221; global_colors_info=&#8221;{}&#8221;][et_pb_text _builder_version=&#8221;4.27.4&#8243; _module_preset=&#8221;default&#8221; text_font=&#8221;Poppins||||||||&#8221; text_text_color=&#8221;#FFFFFF&#8221; header_4_font=&#8221;Poppins|700|||||||&#8221; header_4_text_color=&#8221;#FFFFFF&#8221; locked=&#8221;off&#8221; global_colors_info=&#8221;{}&#8221;]<\/p>\n<h4>\u00dcldine<\/h4>\n<hr style=\"width: 50%; float: left;\" \/>\n<p>&nbsp;<\/p>\n<p><a style=\"color: white;\" href=\"https:\/\/gateme.com\/et\/pro\/help\/\">Abi ja KKK<\/a><br \/><a style=\"color: white;\" href=\"https:\/\/gateme.com\/et\/pro\/meist\/#resources\">Muu<\/a><br \/><a style=\"color: white;\" href=\"https:\/\/gateme.com\/et\/pro\/privacy\/\">Privaatsuspoliitika<\/a><br \/><a style=\"color: white;\" href=\"https:\/\/gateme.com\/et\/pro\/terms\/\">Kasutustingimused<\/a><\/p>\n<p>[\/et_pb_text][\/et_pb_column][\/et_pb_row][et_pb_row _builder_version=&#8221;4.21.0&#8243; _module_preset=&#8221;default&#8221; locked=&#8221;off&#8221; global_colors_info=&#8221;{}&#8221;][et_pb_column type=&#8221;4_4&#8243; _builder_version=&#8221;4.21.0&#8243; _module_preset=&#8221;default&#8221; global_colors_info=&#8221;{}&#8221;][et_pb_text _builder_version=&#8221;4.16&#8243; _dynamic_attributes=&#8221;content&#8221; _module_preset=&#8221;608590a3-042c-4803-85c9-df489569c92b&#8221; text_text_color=&#8221;#FFFFFF&#8221; text_line_height=&#8221;1.8em&#8221; text_orientation=&#8221;center&#8221; global_colors_info=&#8221;{}&#8221;]@ET-DC@eyJkeW5hbWljIjp0cnVlLCJjb250ZW50IjoiY3VycmVudF9kYXRlIiwic2V0dGluZ3MiOnsiYmVmb3JlIjoiQ29weXJpZ2h0IFx1MDBhOSAiLCJhZnRlciI6IiBHYXRlTWUgSW5jLiBLXHUwMGY1aWsgXHUwMGY1aWd1c2VkIGthaXRzdHVkLiAiLCJkYXRlX2Zvcm1hdCI6ImN1c3RvbSIsImN1c3RvbV9kYXRlX2Zvcm1hdCI6IlkifX0=@[\/et_pb_text][\/et_pb_column][\/et_pb_row][\/et_pb_section]<\/p>\n","protected":false},"excerpt":{"rendered":"<p>KasutustingimusedVii oma s\u00fcndmused j\u00e4rgmisele tasemele GateMe\u2019ga! GateMe Interneti lehek\u00fclje (edaspidi\u00a0GateMe) k\u00fclastamisel ja kasutamisel tuleb t\u00e4ita allj\u00e4rgnevaid tingimusi (edaspidi\u00a0tingimused). &nbsp; GateMe lehek\u00fclge haldab BaBash Group O\u00dc (edaspidi\u00a0BaBash Group), aadress M\u00e4ealuse 2\/1, Tallinn, Harjumaa, 12618, Eesti; e-post:\u00a0info@gateme.com. BaBash Group ei ole \u00fchegi \u00fcrituse korraldaja. BaBash Group pakub v\u00f5imalust listi osta \u00fcrituse korraldaja vms \u00fclesandel ning nimel ja [&hellip;]<\/p>\n","protected":false},"author":1,"featured_media":0,"parent":0,"menu_order":0,"comment_status":"closed","ping_status":"closed","template":"","meta":{"_et_pb_use_builder":"on","_et_pb_old_content":"","_et_gb_content_width":"","_monsterinsights_skip_tracking":false,"_monsterinsights_sitenote_active":false,"_monsterinsights_sitenote_note":"","_monsterinsights_sitenote_category":0,"footnotes":""},"class_list":["post-25964319","page","type-page","status-publish","hentry"],"yoast_head":"<!-- This site is optimized with the Yoast SEO plugin v27.5 - https:\/\/yoast.com\/product\/yoast-seo-wordpress\/ -->\n<title>Kasutustingimused - GateMe<\/title>\n<meta name=\"description\" content=\"Vii oma s\u00fcndmused j\u00e4rgmisele tasemele GateMe\u2019ga! Tutvu GateMe piletim\u00fc\u00fcgis\u00fcsteemi kasutustingimustega.\" \/>\n<meta name=\"robots\" content=\"index, follow, max-snippet:-1, max-image-preview:large, max-video-preview:-1\" \/>\n<link rel=\"canonical\" href=\"https:\/\/wp.gateme.com\/et\/terms\/\" \/>\n<meta property=\"og:locale\" content=\"et_EE\" \/>\n<meta property=\"og:type\" content=\"article\" \/>\n<meta property=\"og:title\" content=\"Kasutustingimused - GateMe\" \/>\n<meta property=\"og:description\" content=\"Vii oma s\u00fcndmused j\u00e4rgmisele tasemele GateMe\u2019ga! Tutvu GateMe piletim\u00fc\u00fcgis\u00fcsteemi kasutustingimustega.\" \/>\n<meta property=\"og:url\" content=\"https:\/\/wp.gateme.com\/et\/terms\/\" \/>\n<meta property=\"og:site_name\" content=\"GateMe\" \/>\n<meta property=\"article:modified_time\" content=\"2025-10-16T08:19:01+00:00\" \/>\n<meta name=\"twitter:card\" content=\"summary_large_image\" \/>\n<meta name=\"twitter:label1\" content=\"Est. reading time\" \/>\n\t<meta name=\"twitter:data1\" content=\"4 minutit\" \/>\n<script type=\"application\/ld+json\" class=\"yoast-schema-graph\">{\"@context\":\"https:\\\/\\\/schema.org\",\"@graph\":[{\"@type\":\"WebPage\",\"@id\":\"https:\\\/\\\/wp.gateme.com\\\/et\\\/terms\\\/\",\"url\":\"https:\\\/\\\/wp.gateme.com\\\/et\\\/terms\\\/\",\"name\":\"Kasutustingimused - GateMe\",\"isPartOf\":{\"@id\":\"https:\\\/\\\/wp.gateme.com\\\/et\\\/#website\"},\"datePublished\":\"2021-08-06T13:47:51+00:00\",\"dateModified\":\"2025-10-16T08:19:01+00:00\",\"description\":\"Vii oma s\u00fcndmused j\u00e4rgmisele tasemele GateMe\u2019ga! Tutvu GateMe piletim\u00fc\u00fcgis\u00fcsteemi kasutustingimustega.\",\"breadcrumb\":{\"@id\":\"https:\\\/\\\/wp.gateme.com\\\/et\\\/terms\\\/#breadcrumb\"},\"inLanguage\":\"et\",\"potentialAction\":[{\"@type\":\"ReadAction\",\"target\":[\"https:\\\/\\\/wp.gateme.com\\\/et\\\/terms\\\/\"]}]},{\"@type\":\"BreadcrumbList\",\"@id\":\"https:\\\/\\\/wp.gateme.com\\\/et\\\/terms\\\/#breadcrumb\",\"itemListElement\":[{\"@type\":\"ListItem\",\"position\":1,\"name\":\"Home\",\"item\":\"https:\\\/\\\/wp.gateme.com\\\/et\\\/\"},{\"@type\":\"ListItem\",\"position\":2,\"name\":\"Kasutustingimused\"}]},{\"@type\":\"WebSite\",\"@id\":\"https:\\\/\\\/wp.gateme.com\\\/et\\\/#website\",\"url\":\"https:\\\/\\\/wp.gateme.com\\\/et\\\/\",\"name\":\"GateMe\",\"description\":\"Cheapest and Easiest Way to Sell Tickets\",\"potentialAction\":[{\"@type\":\"SearchAction\",\"target\":{\"@type\":\"EntryPoint\",\"urlTemplate\":\"https:\\\/\\\/wp.gateme.com\\\/et\\\/?s={search_term_string}\"},\"query-input\":{\"@type\":\"PropertyValueSpecification\",\"valueRequired\":true,\"valueName\":\"search_term_string\"}}],\"inLanguage\":\"et\"}]}<\/script>\n<!-- \/ Yoast SEO plugin. -->","yoast_head_json":{"title":"Kasutustingimused - GateMe","description":"Vii oma s\u00fcndmused j\u00e4rgmisele tasemele GateMe\u2019ga! Tutvu GateMe piletim\u00fc\u00fcgis\u00fcsteemi kasutustingimustega.","robots":{"index":"index","follow":"follow","max-snippet":"max-snippet:-1","max-image-preview":"max-image-preview:large","max-video-preview":"max-video-preview:-1"},"canonical":"https:\/\/wp.gateme.com\/et\/terms\/","og_locale":"et_EE","og_type":"article","og_title":"Kasutustingimused - GateMe","og_description":"Vii oma s\u00fcndmused j\u00e4rgmisele tasemele GateMe\u2019ga! Tutvu GateMe piletim\u00fc\u00fcgis\u00fcsteemi kasutustingimustega.","og_url":"https:\/\/wp.gateme.com\/et\/terms\/","og_site_name":"GateMe","article_modified_time":"2025-10-16T08:19:01+00:00","twitter_card":"summary_large_image","twitter_misc":{"Est. reading time":"4 minutit"},"schema":{"@context":"https:\/\/schema.org","@graph":[{"@type":"WebPage","@id":"https:\/\/wp.gateme.com\/et\/terms\/","url":"https:\/\/wp.gateme.com\/et\/terms\/","name":"Kasutustingimused - GateMe","isPartOf":{"@id":"https:\/\/wp.gateme.com\/et\/#website"},"datePublished":"2021-08-06T13:47:51+00:00","dateModified":"2025-10-16T08:19:01+00:00","description":"Vii oma s\u00fcndmused j\u00e4rgmisele tasemele GateMe\u2019ga! Tutvu GateMe piletim\u00fc\u00fcgis\u00fcsteemi kasutustingimustega.","breadcrumb":{"@id":"https:\/\/wp.gateme.com\/et\/terms\/#breadcrumb"},"inLanguage":"et","potentialAction":[{"@type":"ReadAction","target":["https:\/\/wp.gateme.com\/et\/terms\/"]}]},{"@type":"BreadcrumbList","@id":"https:\/\/wp.gateme.com\/et\/terms\/#breadcrumb","itemListElement":[{"@type":"ListItem","position":1,"name":"Home","item":"https:\/\/wp.gateme.com\/et\/"},{"@type":"ListItem","position":2,"name":"Kasutustingimused"}]},{"@type":"WebSite","@id":"https:\/\/wp.gateme.com\/et\/#website","url":"https:\/\/wp.gateme.com\/et\/","name":"GateMe","description":"Cheapest and Easiest Way to Sell Tickets","potentialAction":[{"@type":"SearchAction","target":{"@type":"EntryPoint","urlTemplate":"https:\/\/wp.gateme.com\/et\/?s={search_term_string}"},"query-input":{"@type":"PropertyValueSpecification","valueRequired":true,"valueName":"search_term_string"}}],"inLanguage":"et"}]}},"_links":{"self":[{"href":"https:\/\/wp.gateme.com\/et\/wp-json\/wp\/v2\/pages\/25964319","targetHints":{"allow":["GET"]}}],"collection":[{"href":"https:\/\/wp.gateme.com\/et\/wp-json\/wp\/v2\/pages"}],"about":[{"href":"https:\/\/wp.gateme.com\/et\/wp-json\/wp\/v2\/types\/page"}],"author":[{"embeddable":true,"href":"https:\/\/wp.gateme.com\/et\/wp-json\/wp\/v2\/users\/1"}],"replies":[{"embeddable":true,"href":"https:\/\/wp.gateme.com\/et\/wp-json\/wp\/v2\/comments?post=25964319"}],"version-history":[{"count":5,"href":"https:\/\/wp.gateme.com\/et\/wp-json\/wp\/v2\/pages\/25964319\/revisions"}],"predecessor-version":[{"id":25967416,"href":"https:\/\/wp.gateme.com\/et\/wp-json\/wp\/v2\/pages\/25964319\/revisions\/25967416"}],"wp:attachment":[{"href":"https:\/\/wp.gateme.com\/et\/wp-json\/wp\/v2\/media?parent=25964319"}],"curies":[{"name":"wp","href":"https:\/\/api.w.org\/{rel}","templated":true}]}}