{"id":428,"date":"2021-08-06T13:43:02","date_gmt":"2021-08-06T13:43:02","guid":{"rendered":"http:\/\/wp.gateme.comprivaatsuspoliitika\/"},"modified":"2025-10-13T20:29:07","modified_gmt":"2025-10-13T20:29:07","slug":"privacy","status":"publish","type":"page","link":"https:\/\/wp.gateme.com\/et\/privacy\/","title":{"rendered":"Privaatsuspoliitika"},"content":{"rendered":"<p>[et_pb_section fb_built=&#8221;1&#8243; admin_label=&#8221;Header&#8221; _builder_version=&#8221;4.16&#8243; _module_preset=&#8221;default&#8221; use_background_color_gradient=&#8221;on&#8221; background_color_gradient_type=&#8221;circular&#8221; background_color_gradient_direction_radial=&#8221;bottom&#8221; background_color_gradient_stops=&#8221;#27769a 0%|#000000 90%&#8221; background_color_gradient_start=&#8221;#27769a&#8221; background_color_gradient_end=&#8221;#000000&#8243; background_color_gradient_end_position=&#8221;90%&#8221; background_enable_image=&#8221;off&#8221; background_size=&#8221;contain&#8221; background_position=&#8221;bottom_center&#8221; overflow-x=&#8221;visible&#8221; overflow-y=&#8221;visible&#8221; custom_margin=&#8221;50px|3vw|50px|3vw|false|true&#8221; custom_padding=&#8221;0px||0px||false|false&#8221; background_last_edited=&#8221;on|tablet&#8221; background_mask_aspect_ratio_tablet=&#8221;portrait&#8221; border_radii=&#8221;on|1.5vw|1.5vw|1.5vw|1.5vw&#8221; locked=&#8221;off&#8221; collapsed=&#8221;on&#8221; global_colors_info=&#8221;{%22gcid-64653083-5242-43fe-8dfb-3d72435526c0%22:%91%22background_color_gradient_stops%22,%22background_color_gradient_stops%22%93}&#8221;][et_pb_row _builder_version=&#8221;4.21.0&#8243; _module_preset=&#8221;default&#8221; width=&#8221;90%&#8221; custom_padding=&#8221;68px||40px|||&#8221; locked=&#8221;off&#8221; global_colors_info=&#8221;{}&#8221;][et_pb_column type=&#8221;4_4&#8243; _builder_version=&#8221;4.21.0&#8243; _module_preset=&#8221;default&#8221; global_colors_info=&#8221;{}&#8221;][et_pb_text _builder_version=&#8221;4.16&#8243; _module_preset=&#8221;f021f819-6644-4181-99da-306200320a84&#8243; header_font=&#8221;Inter|700|||||||&#8221; header_text_color=&#8221;#FFFFFF&#8221; header_font_size=&#8221;55px&#8221; header_line_height=&#8221;1.15em&#8221; text_orientation=&#8221;center&#8221; custom_margin=&#8221;||10px||false|false&#8221; header_font_size_tablet=&#8221;40px&#8221; header_font_size_phone=&#8221;24px&#8221; header_font_size_last_edited=&#8221;on|desktop&#8221; global_colors_info=&#8221;{}&#8221;]<\/p>\n<h1 style=\"text-align: center;\">Privaatsuspoliitika<\/h1>\n<p>[\/et_pb_text][et_pb_text _builder_version=&#8221;4.16&#8243; _module_preset=&#8221;e60e9dbe-afe3-420a-8618-fdee020217e9&#8243; text_text_color=&#8221;#FFFFFF&#8221; text_font_size=&#8221;18px&#8221; text_line_height=&#8221;1.8em&#8221; custom_margin=&#8221;||41px|||&#8221; text_font_size_tablet=&#8221;15px&#8221; text_font_size_phone=&#8221;14px&#8221; text_font_size_last_edited=&#8221;on|desktop&#8221; locked=&#8221;off&#8221; global_colors_info=&#8221;{}&#8221;]<\/p>\n<p style=\"text-align: center;\"><span>Parim lahendus igat t\u00fc\u00fcpi s\u00fcndmuste jaoks<\/span><\/p>\n<p>[\/et_pb_text][\/et_pb_column][\/et_pb_row][\/et_pb_section][et_pb_section fb_built=&#8221;1&#8243; _builder_version=&#8221;4.16&#8243; _module_preset=&#8221;default&#8221; global_colors_info=&#8221;{}&#8221;][et_pb_row _builder_version=&#8221;4.16&#8243; _module_preset=&#8221;default&#8221; global_colors_info=&#8221;{}&#8221;][et_pb_column type=&#8221;4_4&#8243; _builder_version=&#8221;4.16&#8243; _module_preset=&#8221;default&#8221; global_colors_info=&#8221;{}&#8221;][et_pb_text _builder_version=&#8221;4.27.4&#8243; _module_preset=&#8221;default&#8221; text_font=&#8221;Poppins||||||||&#8221; text_text_color=&#8221;#FFFFFF&#8221; header_text_color=&#8221;#FFFFFF&#8221; header_4_text_color=&#8221;#FFFFFF&#8221; header_4_line_height=&#8221;1.7em&#8221; background_color=&#8221;#14192d&#8221; custom_padding=&#8221;30px|40px|30px|40px|true|true&#8221; border_radii=&#8221;on|10px|10px|10px|10px&#8221; global_colors_info=&#8221;{}&#8221;]<\/p>\n<p>&nbsp;<\/p>\n<p class=\"p1\">GateMe Interneti lehek\u00fclje (edaspidi\u00a0<b>GateMe<\/b>) privaatsuspoliitika.<\/p>\n<p class=\"p1\">GateMe lehek\u00fclge haldab BaBash Group O\u00dc (edaspidi BaBash Group), aadress M\u00e4ealuse 2\/1, Tallinn, Harjumaa, 12618, Eesti; e-post: <a href=\"mailto:info@gateme.com\"><span class=\"s1\">info@gateme.com<\/span><\/a>. Teeme k\u00f5ik, et kaitsta GateMe kasutajate andmeid. Kliendiandmete hoidmisel ja v\u00e4ljastamisel l\u00e4htume j\u00e4rgmistest tegevusp\u00f5him\u00f5tetest:<\/p>\n<p><u>Isiklik informatsioon<\/u><\/p>\n<ol>\n<li style=\"list-style-type: none;\">\n<ol>Kui soovite saada GateMe kasutaja staatust, siis registreerumisel k\u00fcsime teilt nime ja meiliaadressi.<\/ol>\n<\/li>\n<\/ol>\n<ol>\n<li style=\"list-style-type: none;\">\n<ol>\n<li style=\"list-style-type: none;\">\n<ul>\n<li>Teie nime kasutame vaid teie isiku tuvastamiseks ning edastame selle \u00f6\u00f6klubile, et ukse peal saaks teie isikut tuvastada.<\/li>\n<li>Teie meiliaadressi ei avaldata kolmandatele osapooltele (v\u00e4lja arvatud meie klientidest \u00f6\u00f6klubidele).<\/li>\n<li>Me piirdume info kogumisel v\u00e4himaga, mida vajame klientide kvaliteetse teenindamise huvides.<\/li>\n<li>Me ei avalikusta kliendiandmeid kolmandatele osapooltele (v\u00e4lja arvatud nimi ja e-mail), v\u00e4lja arvatud juhul, kui me oleme saanud selleks kliendi n\u00f5usoleku kas lepingus v\u00f5i muul viisil fikseerituna v\u00f5i kui seda n\u00f5utakse meilt seadusega.<\/li>\n<li>Me p\u00fc\u00fcame hoida kliendiandmeid t\u00e4ielikena, ajakohastena ning korrektsetena.<\/li>\n<\/ul>\n<\/li>\n<\/ol>\n<\/li>\n<\/ol>\n<p><u>Informatsioon k\u00f5ikide GateMe k\u00fclastajate kohta<\/u><\/p>\n<ol>P\u00f5hiliselt kogume oma k\u00fclastajate kohta \u00fcldiseid andmeid, n\u00e4iteks: missugust lehek\u00fclge k\u00f5ige rohkem k\u00fclastatakse, missuguseid \u00fcritusi k\u00f5ige rohkem k\u00fclastatakse ja missuguseid teenuseid kasutatakse. Kasutame sellist infot statistilistel eesm\u00e4rkidel. See aitab meil v\u00e4lja selgitada, mis huvitab kliente k\u00f5ige rohkem ja mis on nende jaoks vajalik. T\u00e4nu sellisele infole saame parandada oma teenuste kvaliteeti.<\/ol>\n<p>&nbsp;<\/p>\n<p>[\/et_pb_text][\/et_pb_column][\/et_pb_row][\/et_pb_section][et_pb_section fb_built=&#8221;1&#8243; admin_label=&#8221;Footer Links&#8221; _builder_version=&#8221;4.27.4&#8243; _module_preset=&#8221;default&#8221; background_color=&#8221;gcid-815ebb39-646b-4c9a-a3e8-ce9c4b7f9e47&#8243; background_enable_color=&#8221;off&#8221; use_background_color_gradient=&#8221;on&#8221; background_color_gradient_type=&#8221;circular&#8221; background_color_gradient_direction_radial=&#8221;bottom left&#8221; background_color_gradient_stops=&#8221;#27769a 0%|#000000 47%&#8221; background_color_gradient_start=&#8221;#27769a&#8221; background_color_gradient_end=&#8221;#000000&#8243; background_color_gradient_end_position=&#8221;47%&#8221; width=&#8221;80%&#8221; module_alignment=&#8221;center&#8221; custom_margin=&#8221;50px||14px||false|false&#8221; custom_padding=&#8221;73px||55px||false|false&#8221; background_last_edited=&#8221;on|tablet&#8221; border_radii=&#8221;on|20px|20px|20px|20px&#8221; saved_tabs=&#8221;all&#8221; locked=&#8221;off&#8221; collapsed=&#8221;on&#8221; global_colors_info=&#8221;{%22gcid-64653083-5242-43fe-8dfb-3d72435526c0%22:%91%22background_color_gradient_stops%22%93,%22gcid-815ebb39-646b-4c9a-a3e8-ce9c4b7f9e47%22:%91%22background_color%22%93,%22gcid-a2ad28b5-d28e-4d1e-9e4d-81a3653a5561%22:%91%22background_color_gradient_stops%22%93}&#8221;][et_pb_row column_structure=&#8221;3_5,1_5,1_5&#8243; _builder_version=&#8221;4.16&#8243; _module_preset=&#8221;default&#8221; global_colors_info=&#8221;{}&#8221;][et_pb_column type=&#8221;3_5&#8243; _builder_version=&#8221;4.16&#8243; _module_preset=&#8221;default&#8221; global_colors_info=&#8221;{}&#8221;][et_pb_image src=&#8221;https:\/\/wp.gateme.com\/wp-content\/uploads\/2025\/05\/logo_dark-1.png&#8221; title_text=&#8221;logo_dark (1)&#8221; url=&#8221;https:\/\/gateme.com\/et\/pro\/&#8221; _builder_version=&#8221;4.27.4&#8243; _module_preset=&#8221;default&#8221; width=&#8221;40%&#8221; width_tablet=&#8221;&#8221; width_phone=&#8221;100%&#8221; width_last_edited=&#8221;on|phone&#8221; max_width=&#8221;68%&#8221; locked=&#8221;off&#8221; global_colors_info=&#8221;{}&#8221;][\/et_pb_image][et_pb_blurb image=&#8221;https:\/\/wp.gateme.com\/wp-content\/uploads\/2025\/05\/Orange-White-Modern-Gradient-IOS-Icon-9-1.png&#8221; icon_placement=&#8221;left&#8221; image_icon_width=&#8221;150%&#8221; _builder_version=&#8221;4.27.4&#8243; _module_preset=&#8221;default&#8221; body_font=&#8221;Poppins|700|||||||&#8221; body_text_color=&#8221;#FFFFFF&#8221; body_line_height=&#8221;2.3em&#8221; background_layout=&#8221;dark&#8221; custom_margin=&#8221;||10px||false|false&#8221; custom_padding=&#8221;|||0px|false|false&#8221; animation=&#8221;off&#8221; hover_enabled=&#8221;0&#8243; image_max_width=&#8221;150%&#8221; locked=&#8221;off&#8221; global_colors_info=&#8221;{}&#8221; sticky_enabled=&#8221;0&#8243;]<\/p>\n<p style=\"text-align: left;\"><span>+372 5669 9824<\/span><\/p>\n<p>[\/et_pb_blurb][et_pb_blurb image=&#8221;https:\/\/wp.gateme.com\/wp-content\/uploads\/2025\/05\/Orange-White-Modern-Gradient-IOS-Icon-10.png&#8221; icon_placement=&#8221;left&#8221; _builder_version=&#8221;4.27.4&#8243; _module_preset=&#8221;default&#8221; body_font=&#8221;Poppins|700|||||||&#8221; body_text_color=&#8221;#FFFFFF&#8221; body_line_height=&#8221;2.4em&#8221; background_layout=&#8221;dark&#8221; animation=&#8221;off&#8221; locked=&#8221;off&#8221; global_colors_info=&#8221;{}&#8221;]<\/p>\n<p>info@gateme.com<\/p>\n<p>[\/et_pb_blurb][\/et_pb_column][et_pb_column type=&#8221;1_5&#8243; _builder_version=&#8221;4.16&#8243; _module_preset=&#8221;default&#8221; global_colors_info=&#8221;{}&#8221;][et_pb_text _builder_version=&#8221;4.27.4&#8243; _module_preset=&#8221;default&#8221; text_font=&#8221;Poppins||||||||&#8221; text_text_color=&#8221;#FFFFFF&#8221; header_4_font=&#8221;Poppins|700|||||||&#8221; header_4_text_color=&#8221;#FFFFFF&#8221; locked=&#8221;off&#8221; global_colors_info=&#8221;{}&#8221;]<\/p>\n<h4>Ettev\u00f5ttest<\/h4>\n<hr style=\"width: 50%; float: left;\" \/>\n<p>&nbsp;<\/p>\n<p><span style=\"color: #ffffff;\"><a href=\"https:\/\/gateme.com\/et\/pro\/meist\/\" style=\"color: #ffffff;\">Meist<\/a><br \/><\/span><a href=\"https:\/\/gateme.com\/et\/pro\/meist\/#founders\" style=\"color: #ffffff;\">Kontakt<\/a><br \/><span style=\"color: #ffffff;\"><a href=\"https:\/\/gateme.com\/et\/pro\/blog\/\" style=\"color: #ffffff;\">Blogi<\/a><\/span><\/p>\n<p>[\/et_pb_text][\/et_pb_column][et_pb_column type=&#8221;1_5&#8243; _builder_version=&#8221;4.16&#8243; _module_preset=&#8221;default&#8221; global_colors_info=&#8221;{}&#8221;][et_pb_text _builder_version=&#8221;4.27.4&#8243; _module_preset=&#8221;default&#8221; text_font=&#8221;Poppins||||||||&#8221; text_text_color=&#8221;#FFFFFF&#8221; header_4_font=&#8221;Poppins|700|||||||&#8221; header_4_text_color=&#8221;#FFFFFF&#8221; locked=&#8221;off&#8221; global_colors_info=&#8221;{}&#8221;]<\/p>\n<h4>\u00dcldine<\/h4>\n<hr style=\"width: 50%; float: left;\" \/>\n<p>&nbsp;<\/p>\n<p><a style=\"color: white;\" href=\"https:\/\/gateme.com\/et\/pro\/help\/\">Abi ja KKK<\/a><br \/><a style=\"color: white;\" href=\"https:\/\/gateme.com\/et\/pro\/meist\/#resources\">Muu<\/a><br \/><a style=\"color: white;\" href=\"https:\/\/gateme.com\/et\/pro\/privacy\/\">Privaatsuspoliitika<\/a><br \/><a style=\"color: white;\" href=\"https:\/\/gateme.com\/et\/pro\/terms\/\">Kasutustingimused<\/a><\/p>\n<p>[\/et_pb_text][\/et_pb_column][\/et_pb_row][et_pb_row _builder_version=&#8221;4.21.0&#8243; _module_preset=&#8221;default&#8221; locked=&#8221;off&#8221; global_colors_info=&#8221;{}&#8221;][et_pb_column type=&#8221;4_4&#8243; _builder_version=&#8221;4.21.0&#8243; _module_preset=&#8221;default&#8221; global_colors_info=&#8221;{}&#8221;][et_pb_text _builder_version=&#8221;4.16&#8243; _dynamic_attributes=&#8221;content&#8221; _module_preset=&#8221;608590a3-042c-4803-85c9-df489569c92b&#8221; text_text_color=&#8221;#FFFFFF&#8221; text_line_height=&#8221;1.8em&#8221; text_orientation=&#8221;center&#8221; global_colors_info=&#8221;{}&#8221;]@ET-DC@eyJkeW5hbWljIjp0cnVlLCJjb250ZW50IjoiY3VycmVudF9kYXRlIiwic2V0dGluZ3MiOnsiYmVmb3JlIjoiQ29weXJpZ2h0IFx1MDBhOSAiLCJhZnRlciI6IiBHYXRlTWUgSW5jLiBLXHUwMGY1aWsgXHUwMGY1aWd1c2VkIGthaXRzdHVkLiAiLCJkYXRlX2Zvcm1hdCI6ImN1c3RvbSIsImN1c3RvbV9kYXRlX2Zvcm1hdCI6IlkifX0=@[\/et_pb_text][\/et_pb_column][\/et_pb_row][\/et_pb_section]<\/p>\n","protected":false},"excerpt":{"rendered":"<p>PrivaatsuspoliitikaParim lahendus igat t\u00fc\u00fcpi s\u00fcndmuste jaoks&nbsp; GateMe Interneti lehek\u00fclje (edaspidi\u00a0GateMe) privaatsuspoliitika. GateMe lehek\u00fclge haldab BaBash Group O\u00dc (edaspidi BaBash Group), aadress M\u00e4ealuse 2\/1, Tallinn, Harjumaa, 12618, Eesti; e-post: info@gateme.com. Teeme k\u00f5ik, et kaitsta GateMe kasutajate andmeid. Kliendiandmete hoidmisel ja v\u00e4ljastamisel l\u00e4htume j\u00e4rgmistest tegevusp\u00f5him\u00f5tetest: Isiklik informatsioon Kui soovite saada GateMe kasutaja staatust, siis registreerumisel k\u00fcsime teilt [&hellip;]<\/p>\n","protected":false},"author":1,"featured_media":0,"parent":0,"menu_order":0,"comment_status":"closed","ping_status":"closed","template":"","meta":{"_et_pb_use_builder":"on","_et_pb_old_content":"","_et_gb_content_width":"","_monsterinsights_skip_tracking":false,"_monsterinsights_sitenote_active":false,"_monsterinsights_sitenote_note":"","_monsterinsights_sitenote_category":0,"footnotes":""},"class_list":["post-428","page","type-page","status-publish","hentry"],"yoast_head":"<!-- This site is optimized with the Yoast SEO plugin v27.5 - https:\/\/yoast.com\/product\/yoast-seo-wordpress\/ -->\n<title>GateMe - Sell tickets to your events for free!<\/title>\n<meta name=\"robots\" content=\"index, follow, max-snippet:-1, max-image-preview:large, max-video-preview:-1\" \/>\n<link rel=\"canonical\" href=\"https:\/\/wp.gateme.com\/et\/privacy\/\" \/>\n<meta property=\"og:locale\" content=\"et_EE\" \/>\n<meta property=\"og:type\" content=\"article\" \/>\n<meta property=\"og:title\" content=\"GateMe - Sell tickets to your events for free!\" \/>\n<meta property=\"og:description\" content=\"PrivaatsuspoliitikaParim lahendus igat t\u00fc\u00fcpi s\u00fcndmuste jaoks&nbsp; GateMe Interneti lehek\u00fclje (edaspidi\u00a0GateMe) privaatsuspoliitika. GateMe lehek\u00fclge haldab BaBash Group O\u00dc (edaspidi BaBash Group), aadress M\u00e4ealuse 2\/1, Tallinn, Harjumaa, 12618, Eesti; e-post: info@gateme.com. Teeme k\u00f5ik, et kaitsta GateMe kasutajate andmeid. Kliendiandmete hoidmisel ja v\u00e4ljastamisel l\u00e4htume j\u00e4rgmistest tegevusp\u00f5him\u00f5tetest: Isiklik informatsioon Kui soovite saada GateMe kasutaja staatust, siis registreerumisel k\u00fcsime teilt [&hellip;]\" \/>\n<meta property=\"og:url\" content=\"https:\/\/wp.gateme.com\/et\/privacy\/\" \/>\n<meta property=\"og:site_name\" content=\"GateMe\" \/>\n<meta property=\"article:modified_time\" content=\"2025-10-13T20:29:07+00:00\" \/>\n<meta name=\"twitter:card\" content=\"summary_large_image\" \/>\n<meta name=\"twitter:label1\" content=\"Est. reading time\" \/>\n\t<meta name=\"twitter:data1\" content=\"2 minutit\" \/>\n<script type=\"application\/ld+json\" class=\"yoast-schema-graph\">{\"@context\":\"https:\\\/\\\/schema.org\",\"@graph\":[{\"@type\":\"WebPage\",\"@id\":\"https:\\\/\\\/wp.gateme.com\\\/et\\\/privacy\\\/\",\"url\":\"https:\\\/\\\/wp.gateme.com\\\/et\\\/privacy\\\/\",\"name\":\"GateMe - Sell tickets to your events for free!\",\"isPartOf\":{\"@id\":\"https:\\\/\\\/wp.gateme.com\\\/et\\\/#website\"},\"datePublished\":\"2021-08-06T13:43:02+00:00\",\"dateModified\":\"2025-10-13T20:29:07+00:00\",\"breadcrumb\":{\"@id\":\"https:\\\/\\\/wp.gateme.com\\\/et\\\/privacy\\\/#breadcrumb\"},\"inLanguage\":\"et\",\"potentialAction\":[{\"@type\":\"ReadAction\",\"target\":[\"https:\\\/\\\/wp.gateme.com\\\/et\\\/privacy\\\/\"]}]},{\"@type\":\"BreadcrumbList\",\"@id\":\"https:\\\/\\\/wp.gateme.com\\\/et\\\/privacy\\\/#breadcrumb\",\"itemListElement\":[{\"@type\":\"ListItem\",\"position\":1,\"name\":\"Home\",\"item\":\"https:\\\/\\\/wp.gateme.com\\\/et\\\/\"},{\"@type\":\"ListItem\",\"position\":2,\"name\":\"Privaatsuspoliitika\"}]},{\"@type\":\"WebSite\",\"@id\":\"https:\\\/\\\/wp.gateme.com\\\/et\\\/#website\",\"url\":\"https:\\\/\\\/wp.gateme.com\\\/et\\\/\",\"name\":\"GateMe\",\"description\":\"Cheapest and Easiest Way to Sell Tickets\",\"potentialAction\":[{\"@type\":\"SearchAction\",\"target\":{\"@type\":\"EntryPoint\",\"urlTemplate\":\"https:\\\/\\\/wp.gateme.com\\\/et\\\/?s={search_term_string}\"},\"query-input\":{\"@type\":\"PropertyValueSpecification\",\"valueRequired\":true,\"valueName\":\"search_term_string\"}}],\"inLanguage\":\"et\"}]}<\/script>\n<!-- \/ Yoast SEO plugin. -->","yoast_head_json":{"title":"GateMe - Sell tickets to your events for free!","robots":{"index":"index","follow":"follow","max-snippet":"max-snippet:-1","max-image-preview":"max-image-preview:large","max-video-preview":"max-video-preview:-1"},"canonical":"https:\/\/wp.gateme.com\/et\/privacy\/","og_locale":"et_EE","og_type":"article","og_title":"GateMe - Sell tickets to your events for free!","og_description":"PrivaatsuspoliitikaParim lahendus igat t\u00fc\u00fcpi s\u00fcndmuste jaoks&nbsp; GateMe Interneti lehek\u00fclje (edaspidi\u00a0GateMe) privaatsuspoliitika. GateMe lehek\u00fclge haldab BaBash Group O\u00dc (edaspidi BaBash Group), aadress M\u00e4ealuse 2\/1, Tallinn, Harjumaa, 12618, Eesti; e-post: info@gateme.com. Teeme k\u00f5ik, et kaitsta GateMe kasutajate andmeid. Kliendiandmete hoidmisel ja v\u00e4ljastamisel l\u00e4htume j\u00e4rgmistest tegevusp\u00f5him\u00f5tetest: Isiklik informatsioon Kui soovite saada GateMe kasutaja staatust, siis registreerumisel k\u00fcsime teilt [&hellip;]","og_url":"https:\/\/wp.gateme.com\/et\/privacy\/","og_site_name":"GateMe","article_modified_time":"2025-10-13T20:29:07+00:00","twitter_card":"summary_large_image","twitter_misc":{"Est. reading time":"2 minutit"},"schema":{"@context":"https:\/\/schema.org","@graph":[{"@type":"WebPage","@id":"https:\/\/wp.gateme.com\/et\/privacy\/","url":"https:\/\/wp.gateme.com\/et\/privacy\/","name":"GateMe - Sell tickets to your events for free!","isPartOf":{"@id":"https:\/\/wp.gateme.com\/et\/#website"},"datePublished":"2021-08-06T13:43:02+00:00","dateModified":"2025-10-13T20:29:07+00:00","breadcrumb":{"@id":"https:\/\/wp.gateme.com\/et\/privacy\/#breadcrumb"},"inLanguage":"et","potentialAction":[{"@type":"ReadAction","target":["https:\/\/wp.gateme.com\/et\/privacy\/"]}]},{"@type":"BreadcrumbList","@id":"https:\/\/wp.gateme.com\/et\/privacy\/#breadcrumb","itemListElement":[{"@type":"ListItem","position":1,"name":"Home","item":"https:\/\/wp.gateme.com\/et\/"},{"@type":"ListItem","position":2,"name":"Privaatsuspoliitika"}]},{"@type":"WebSite","@id":"https:\/\/wp.gateme.com\/et\/#website","url":"https:\/\/wp.gateme.com\/et\/","name":"GateMe","description":"Cheapest and Easiest Way to Sell Tickets","potentialAction":[{"@type":"SearchAction","target":{"@type":"EntryPoint","urlTemplate":"https:\/\/wp.gateme.com\/et\/?s={search_term_string}"},"query-input":{"@type":"PropertyValueSpecification","valueRequired":true,"valueName":"search_term_string"}}],"inLanguage":"et"}]}},"_links":{"self":[{"href":"https:\/\/wp.gateme.com\/et\/wp-json\/wp\/v2\/pages\/428","targetHints":{"allow":["GET"]}}],"collection":[{"href":"https:\/\/wp.gateme.com\/et\/wp-json\/wp\/v2\/pages"}],"about":[{"href":"https:\/\/wp.gateme.com\/et\/wp-json\/wp\/v2\/types\/page"}],"author":[{"embeddable":true,"href":"https:\/\/wp.gateme.com\/et\/wp-json\/wp\/v2\/users\/1"}],"replies":[{"embeddable":true,"href":"https:\/\/wp.gateme.com\/et\/wp-json\/wp\/v2\/comments?post=428"}],"version-history":[{"count":5,"href":"https:\/\/wp.gateme.com\/et\/wp-json\/wp\/v2\/pages\/428\/revisions"}],"predecessor-version":[{"id":25967365,"href":"https:\/\/wp.gateme.com\/et\/wp-json\/wp\/v2\/pages\/428\/revisions\/25967365"}],"wp:attachment":[{"href":"https:\/\/wp.gateme.com\/et\/wp-json\/wp\/v2\/media?parent=428"}],"curies":[{"name":"wp","href":"https:\/\/api.w.org\/{rel}","templated":true}]}}