{"id":3294,"date":"2021-08-06T13:43:02","date_gmt":"2021-08-06T13:43:02","guid":{"rendered":"http:\/\/wp.gateme.comprivatumo-politika\/"},"modified":"2025-08-08T14:06:52","modified_gmt":"2025-08-08T14:06:52","slug":"privatumo-politika","status":"publish","type":"page","link":"https:\/\/wp.gateme.com\/lt\/privatumo-politika\/","title":{"rendered":"Privatumo politika"},"content":{"rendered":"<p>[et_pb_section fb_built=&#8221;1&#8243; admin_label=&#8221;Header&#8221; _builder_version=&#8221;4.16&#8243; _module_preset=&#8221;default&#8221; use_background_color_gradient=&#8221;on&#8221; background_color_gradient_type=&#8221;circular&#8221; background_color_gradient_direction_radial=&#8221;bottom&#8221; background_color_gradient_stops=&#8221;#27769a 0%|#000000 90%&#8221; background_color_gradient_start=&#8221;#27769a&#8221; background_color_gradient_end=&#8221;#000000&#8243; background_color_gradient_end_position=&#8221;90%&#8221; background_enable_image=&#8221;off&#8221; background_size=&#8221;contain&#8221; background_position=&#8221;bottom_center&#8221; overflow-x=&#8221;visible&#8221; overflow-y=&#8221;visible&#8221; custom_margin=&#8221;50px|3vw|50px|3vw|false|true&#8221; custom_padding=&#8221;0px||0px||false|false&#8221; background_last_edited=&#8221;on|tablet&#8221; background_mask_aspect_ratio_tablet=&#8221;portrait&#8221; border_radii=&#8221;on|1.5vw|1.5vw|1.5vw|1.5vw&#8221; locked=&#8221;off&#8221; collapsed=&#8221;on&#8221; global_colors_info=&#8221;{%22gcid-64653083-5242-43fe-8dfb-3d72435526c0%22:%91%22background_color_gradient_stops%22,%22background_color_gradient_stops%22%93}&#8221;][et_pb_row _builder_version=&#8221;4.21.0&#8243; _module_preset=&#8221;default&#8221; width=&#8221;90%&#8221; custom_padding=&#8221;68px||40px|||&#8221; locked=&#8221;off&#8221; global_colors_info=&#8221;{}&#8221;][et_pb_column type=&#8221;4_4&#8243; _builder_version=&#8221;4.21.0&#8243; _module_preset=&#8221;default&#8221; global_colors_info=&#8221;{}&#8221;][et_pb_text _builder_version=&#8221;4.27.4&#8243; _module_preset=&#8221;f021f819-6644-4181-99da-306200320a84&#8243; header_font=&#8221;Inter|700|||||||&#8221; header_text_color=&#8221;#FFFFFF&#8221; header_font_size=&#8221;55px&#8221; header_line_height=&#8221;1.15em&#8221; text_orientation=&#8221;center&#8221; custom_margin=&#8221;||10px||false|false&#8221; header_font_size_tablet=&#8221;40px&#8221; header_font_size_phone=&#8221;24px&#8221; header_font_size_last_edited=&#8221;on|desktop&#8221; global_colors_info=&#8221;{}&#8221;]<\/p>\n<h1 style=\"text-align: center;\">\u00a0Privatumo politika<\/h1>\n<p>[\/et_pb_text][et_pb_text _builder_version=&#8221;4.27.4&#8243; _module_preset=&#8221;e60e9dbe-afe3-420a-8618-fdee020217e9&#8243; text_text_color=&#8221;#FFFFFF&#8221; text_font_size=&#8221;18px&#8221; text_line_height=&#8221;1.8em&#8221; custom_margin=&#8221;||41px|||&#8221; text_font_size_tablet=&#8221;15px&#8221; text_font_size_phone=&#8221;14px&#8221; text_font_size_last_edited=&#8221;on|desktop&#8221; locked=&#8221;off&#8221; global_colors_info=&#8221;{}&#8221;]<\/p>\n<p style=\"text-align: center;\">Paprastas rengini\u0173 valdymas bet kokio tipo renginiams<\/p>\n<p>[\/et_pb_text][\/et_pb_column][\/et_pb_row][\/et_pb_section][et_pb_section fb_built=&#8221;1&#8243; _builder_version=&#8221;4.16&#8243; _module_preset=&#8221;default&#8221; global_colors_info=&#8221;{}&#8221;][et_pb_row _builder_version=&#8221;4.16&#8243; _module_preset=&#8221;default&#8221; custom_padding=&#8221;0px|||||&#8221; global_colors_info=&#8221;{}&#8221;][et_pb_column type=&#8221;4_4&#8243; _builder_version=&#8221;4.16&#8243; _module_preset=&#8221;default&#8221; global_colors_info=&#8221;{}&#8221;][et_pb_text _builder_version=&#8221;4.27.4&#8243; _module_preset=&#8221;default&#8221; text_font=&#8221;Poppins||||||||&#8221; text_text_color=&#8221;#FFFFFF&#8221; text_font_size=&#8221;16px&#8221; header_font=&#8221;Poppins||||||||&#8221; header_line_height=&#8221;1.4em&#8221; header_2_font=&#8221;Poppins|700|||||||&#8221; header_2_text_color=&#8221;#FFFFFF&#8221; header_2_font_size=&#8221;30px&#8221; header_2_line_height=&#8221;1.2em&#8221; header_3_font_size=&#8221;40px&#8221; background_color=&#8221;#14192d&#8221; custom_margin=&#8221;1px|||||&#8221; custom_padding=&#8221;30px|30px|30px|30px|true|true&#8221; border_radii=&#8221;on|10px|10px|10px|10px&#8221; global_colors_info=&#8221;{}&#8221;]<\/p>\n<div dir=\"ltr\" class=\"css-146c3p1 r-bcqeeo r-1ttztb7 r-qvutc0 r-1qd0xha r-a023e6 r-rjixqe r-16dba41 r-1adg3ll\"><span class=\"css-1jxf684 r-bcqeeo r-1ttztb7 r-qvutc0 r-poiln3\"><span class=\"css-1jxf684 r-bcqeeo r-1ttztb7 r-qvutc0 r-poiln3 r-b88u0q\"><span class=\"css-1jxf684 r-bcqeeo r-1ttztb7 r-qvutc0 r-poiln3 r-1wl4xqv\">GateMe svetain\u0117s lankytojai ir naudotojai (toliau \u2013 GateMe) sutinka laikytis \u0161ios Privatumo politikos. GateMe administruoja BaBash Group O\u00dc (toliau \u2013 BaBash), adresas M\u00e4ealuse 2\/1, Tallinn, 12618, Tallinn, Estija; el. pa\u0161tas: <\/span>info@gateme.com<span class=\"css-1jxf684 r-bcqeeo r-1ttztb7 r-qvutc0 r-poiln3 r-1wl4xqv\">. Mes dedame visas pastangas, kad apsaugotume GateMe naudotoj\u0173 asmens duomenis. M\u016bs\u0173 klient\u0173 asmens duomenys yra tvarkomi ir atskleid\u017eiami pagal \u0161iuos principus:<\/span><\/span><\/span><\/div>\n<p>&nbsp;<\/p>\n<div dir=\"ltr\" class=\"css-146c3p1 r-bcqeeo r-1ttztb7 r-qvutc0 r-1qd0xha r-a023e6 r-rjixqe r-16dba41 r-1adg3ll\"><span style=\"text-decoration: underline;\"><span class=\"css-1jxf684 r-bcqeeo r-1ttztb7 r-qvutc0 r-poiln3\"><span class=\"css-1jxf684 r-bcqeeo r-1ttztb7 r-qvutc0 r-poiln3 r-b88u0q\"><span class=\"css-1jxf684 r-bcqeeo r-1ttztb7 r-qvutc0 r-poiln3 r-1wl4xqv\">Asmens informacija<\/span><\/span><\/span><\/span><\/div>\n<div dir=\"ltr\" class=\"css-146c3p1 r-bcqeeo r-1ttztb7 r-qvutc0 r-1qd0xha r-a023e6 r-rjixqe r-16dba41 r-1adg3ll\"><span class=\"css-1jxf684 r-bcqeeo r-1ttztb7 r-qvutc0 r-poiln3\"><span class=\"css-1jxf684 r-bcqeeo r-1ttztb7 r-qvutc0 r-poiln3 r-1wl4xqv\"><\/span><span class=\"css-1jxf684 r-bcqeeo r-1ttztb7 r-qvutc0 r-poiln3 r-1wl4xqv\">Jei norite gauti GateMe naudotojo status\u0105, registruojantis tur\u0117site pateikti tam tikr\u0105 informacij\u0105, pvz., vard\u0105 ir el. pa\u0161to adres\u0105.<\/span><\/span><\/div>\n<p>&nbsp;<\/p>\n<ul dir=\"ltr\">\n<li>\n<div dir=\"ltr\" class=\"css-146c3p1 r-bcqeeo r-1ttztb7 r-qvutc0 r-1qd0xha r-a023e6 r-rjixqe r-16dba41\"><span class=\"css-1jxf684 r-bcqeeo r-1ttztb7 r-qvutc0 r-poiln3 r-1wl4xqv\"><span class=\"css-1jxf684 r-bcqeeo r-1ttztb7 r-qvutc0 r-poiln3\">J\u016bs\u0173 vardas bus naudojamas tik j\u016bs\u0173 tapatybei patvirtinti. <\/span><\/span><\/div>\n<\/li>\n<li>\n<div dir=\"ltr\" class=\"css-146c3p1 r-bcqeeo r-1ttztb7 r-qvutc0 r-1qd0xha r-a023e6 r-rjixqe r-16dba41\"><span class=\"css-1jxf684 r-bcqeeo r-1ttztb7 r-qvutc0 r-poiln3 r-1wl4xqv\"><span class=\"css-1jxf684 r-bcqeeo r-1ttztb7 r-qvutc0 r-poiln3\">J\u016bs\u0173 el. pa\u0161to adresas nebus atskleid\u017eiamas tre\u010diosioms \u0161alims (i\u0161skyrus naktinius klubus, kurie naudoja GateMe Pro paslaug\u0105). <\/span><\/span><\/div>\n<\/li>\n<li>\n<div dir=\"ltr\" class=\"css-146c3p1 r-bcqeeo r-1ttztb7 r-qvutc0 r-1qd0xha r-a023e6 r-rjixqe r-16dba41\"><span class=\"css-1jxf684 r-bcqeeo r-1ttztb7 r-qvutc0 r-poiln3 r-1wl4xqv\"><span class=\"css-1jxf684 r-bcqeeo r-1ttztb7 r-qvutc0 r-poiln3\">Mes rinksim tik minimaliai b\u016btin\u0105 informacij\u0105, reikaling\u0105 m\u016bs\u0173 paslaug\u0173 kokybei u\u017etikrinti. <\/span><\/span><\/div>\n<\/li>\n<li>\n<div dir=\"ltr\" class=\"css-146c3p1 r-bcqeeo r-1ttztb7 r-qvutc0 r-1qd0xha r-a023e6 r-rjixqe r-16dba41\"><span class=\"css-1jxf684 r-bcqeeo r-1ttztb7 r-qvutc0 r-poiln3 r-1wl4xqv\"><span class=\"css-1jxf684 r-bcqeeo r-1ttztb7 r-qvutc0 r-poiln3\">Mes neatskleisime klient\u0173 informacijos tretiesiems asmenims, i\u0161skyrus atvejus, kai klientas dav\u0117 atitinkam\u0105 sutikim\u0105, kuris yra u\u017efiksuotas sutartyje arba kitu b\u016bdu, arba kai informacijos atskleidimas reikalaujamas pagal \u012fstatymus. <\/span><\/span><\/div>\n<\/li>\n<li>\n<div dir=\"ltr\" class=\"css-146c3p1 r-bcqeeo r-1ttztb7 r-qvutc0 r-1qd0xha r-a023e6 r-rjixqe r-16dba41\"><span class=\"css-1jxf684 r-bcqeeo r-1ttztb7 r-qvutc0 r-poiln3 r-1wl4xqv\"><span class=\"css-1jxf684 r-bcqeeo r-1ttztb7 r-qvutc0 r-poiln3\">Mes d\u0117sime visas pastangas, kad u\u017etikrintume klient\u0173 duomen\u0173 visi\u0161kum\u0105, atnaujinim\u0105 ir tikslum\u0105.<\/span><\/span><\/div>\n<\/li>\n<\/ul>\n<p>&nbsp;<\/p>\n<div dir=\"ltr\" class=\"css-146c3p1 r-bcqeeo r-1ttztb7 r-qvutc0 r-1qd0xha r-a023e6 r-rjixqe r-16dba41 r-1adg3ll\"><span style=\"text-decoration: underline;\"><span class=\"css-1jxf684 r-bcqeeo r-1ttztb7 r-qvutc0 r-poiln3\"><span class=\"css-1jxf684 r-bcqeeo r-1ttztb7 r-qvutc0 r-poiln3 r-b88u0q\"><span class=\"css-1jxf684 r-bcqeeo r-1ttztb7 r-qvutc0 r-poiln3 r-1wl4xqv\">Informacija apie visus GateMe lankytojus<\/span><\/span><\/span><\/span><\/div>\n<div dir=\"ltr\" class=\"css-146c3p1 r-bcqeeo r-1ttztb7 r-qvutc0 r-1qd0xha r-a023e6 r-rjixqe r-16dba41 r-1adg3ll\"><span class=\"css-1jxf684 r-bcqeeo r-1ttztb7 r-qvutc0 r-poiln3\"><span class=\"css-1jxf684 r-bcqeeo r-1ttztb7 r-qvutc0 r-poiln3 r-1wl4xqv\">Daugeliu atvej\u0173 renkame bendr\u0105 informacij\u0105 apie m\u016bs\u0173 lankytojus, pvz.: kuri puslapis yra da\u017eniausiai lankomas ir kuri paslauga yra da\u017eniausiai naudojama. Tokia informacija naudojama statistikos tikslais. Tai pad\u0117s mums nustatyti pagrindinius m\u016bs\u0173 klient\u0173 interesus ir poreikius. Tokia informacija leid\u017eia mums gerinti m\u016bs\u0173 paslaug\u0173 kokyb\u0119.<\/span><\/span><\/div>\n<p>[\/et_pb_text][\/et_pb_column][\/et_pb_row][\/et_pb_section]<\/p>\n","protected":false},"excerpt":{"rendered":"<p>\u00a0Privatumo politikaPaprastas rengini\u0173 valdymas bet kokio tipo renginiamsGateMe svetain\u0117s lankytojai ir naudotojai (toliau \u2013 GateMe) sutinka laikytis \u0161ios Privatumo politikos. GateMe administruoja BaBash Group O\u00dc (toliau \u2013 BaBash), adresas M\u00e4ealuse 2\/1, Tallinn, 12618, Tallinn, Estija; el. pa\u0161tas: info@gateme.com. Mes dedame visas pastangas, kad apsaugotume GateMe naudotoj\u0173 asmens duomenis. M\u016bs\u0173 klient\u0173 asmens duomenys yra tvarkomi ir [&hellip;]<\/p>\n","protected":false},"author":1,"featured_media":0,"parent":0,"menu_order":0,"comment_status":"closed","ping_status":"closed","template":"","meta":{"_et_pb_use_builder":"on","_et_pb_old_content":"","_et_gb_content_width":"1080","_monsterinsights_skip_tracking":false,"_monsterinsights_sitenote_active":false,"_monsterinsights_sitenote_note":"","_monsterinsights_sitenote_category":0,"footnotes":""},"class_list":["post-3294","page","type-page","status-publish","hentry"],"yoast_head":"<!-- This site is optimized with the Yoast SEO plugin v27.5 - https:\/\/yoast.com\/product\/yoast-seo-wordpress\/ -->\n<title>GateMe \u2013 Parduokite bilietus \u012f savo renginius nemokamai!<\/title>\n<meta name=\"robots\" content=\"index, follow, max-snippet:-1, max-image-preview:large, max-video-preview:-1\" \/>\n<link rel=\"canonical\" href=\"https:\/\/wp.gateme.com\/lt\/privatumo-politika\/\" \/>\n<meta property=\"og:locale\" content=\"lt_LT\" \/>\n<meta property=\"og:type\" content=\"article\" \/>\n<meta property=\"og:title\" content=\"GateMe \u2013 Parduokite bilietus \u012f savo renginius nemokamai!\" \/>\n<meta property=\"og:description\" content=\"\u00a0Privatumo politikaPaprastas rengini\u0173 valdymas bet kokio tipo renginiamsGateMe svetain\u0117s lankytojai ir naudotojai (toliau \u2013 GateMe) sutinka laikytis \u0161ios Privatumo politikos. GateMe administruoja BaBash Group O\u00dc (toliau \u2013 BaBash), adresas M\u00e4ealuse 2\/1, Tallinn, 12618, Tallinn, Estija; el. pa\u0161tas: info@gateme.com. Mes dedame visas pastangas, kad apsaugotume GateMe naudotoj\u0173 asmens duomenis. M\u016bs\u0173 klient\u0173 asmens duomenys yra tvarkomi ir [&hellip;]\" \/>\n<meta property=\"og:url\" content=\"https:\/\/wp.gateme.com\/lt\/privatumo-politika\/\" \/>\n<meta property=\"og:site_name\" content=\"GateMe\" \/>\n<meta property=\"article:modified_time\" content=\"2025-08-08T14:06:52+00:00\" \/>\n<meta name=\"twitter:card\" content=\"summary_large_image\" \/>\n<meta name=\"twitter:label1\" content=\"Est. reading time\" \/>\n\t<meta name=\"twitter:data1\" content=\"3 minut\u0117s\" \/>\n<script type=\"application\/ld+json\" class=\"yoast-schema-graph\">{\"@context\":\"https:\\\/\\\/schema.org\",\"@graph\":[{\"@type\":\"WebPage\",\"@id\":\"https:\\\/\\\/wp.gateme.com\\\/lt\\\/privatumo-politika\\\/\",\"url\":\"https:\\\/\\\/wp.gateme.com\\\/lt\\\/privatumo-politika\\\/\",\"name\":\"GateMe \u2013 Parduokite bilietus \u012f savo renginius nemokamai!\",\"isPartOf\":{\"@id\":\"https:\\\/\\\/wp.gateme.com\\\/lt\\\/#website\"},\"datePublished\":\"2021-08-06T13:43:02+00:00\",\"dateModified\":\"2025-08-08T14:06:52+00:00\",\"breadcrumb\":{\"@id\":\"https:\\\/\\\/wp.gateme.com\\\/lt\\\/privatumo-politika\\\/#breadcrumb\"},\"inLanguage\":\"lt-LT\",\"potentialAction\":[{\"@type\":\"ReadAction\",\"target\":[\"https:\\\/\\\/wp.gateme.com\\\/lt\\\/privatumo-politika\\\/\"]}]},{\"@type\":\"BreadcrumbList\",\"@id\":\"https:\\\/\\\/wp.gateme.com\\\/lt\\\/privatumo-politika\\\/#breadcrumb\",\"itemListElement\":[{\"@type\":\"ListItem\",\"position\":1,\"name\":\"Home\",\"item\":\"https:\\\/\\\/wp.gateme.com\\\/lt\\\/\"},{\"@type\":\"ListItem\",\"position\":2,\"name\":\"Privatumo politika\"}]},{\"@type\":\"WebSite\",\"@id\":\"https:\\\/\\\/wp.gateme.com\\\/lt\\\/#website\",\"url\":\"https:\\\/\\\/wp.gateme.com\\\/lt\\\/\",\"name\":\"GateMe\",\"description\":\"Cheapest and Easiest Way to Sell Tickets\",\"potentialAction\":[{\"@type\":\"SearchAction\",\"target\":{\"@type\":\"EntryPoint\",\"urlTemplate\":\"https:\\\/\\\/wp.gateme.com\\\/lt\\\/?s={search_term_string}\"},\"query-input\":{\"@type\":\"PropertyValueSpecification\",\"valueRequired\":true,\"valueName\":\"search_term_string\"}}],\"inLanguage\":\"lt-LT\"}]}<\/script>\n<!-- \/ Yoast SEO plugin. -->","yoast_head_json":{"title":"GateMe \u2013 Parduokite bilietus \u012f savo renginius nemokamai!","robots":{"index":"index","follow":"follow","max-snippet":"max-snippet:-1","max-image-preview":"max-image-preview:large","max-video-preview":"max-video-preview:-1"},"canonical":"https:\/\/wp.gateme.com\/lt\/privatumo-politika\/","og_locale":"lt_LT","og_type":"article","og_title":"GateMe \u2013 Parduokite bilietus \u012f savo renginius nemokamai!","og_description":"\u00a0Privatumo politikaPaprastas rengini\u0173 valdymas bet kokio tipo renginiamsGateMe svetain\u0117s lankytojai ir naudotojai (toliau \u2013 GateMe) sutinka laikytis \u0161ios Privatumo politikos. GateMe administruoja BaBash Group O\u00dc (toliau \u2013 BaBash), adresas M\u00e4ealuse 2\/1, Tallinn, 12618, Tallinn, Estija; el. pa\u0161tas: info@gateme.com. Mes dedame visas pastangas, kad apsaugotume GateMe naudotoj\u0173 asmens duomenis. M\u016bs\u0173 klient\u0173 asmens duomenys yra tvarkomi ir [&hellip;]","og_url":"https:\/\/wp.gateme.com\/lt\/privatumo-politika\/","og_site_name":"GateMe","article_modified_time":"2025-08-08T14:06:52+00:00","twitter_card":"summary_large_image","twitter_misc":{"Est. reading time":"3 minut\u0117s"},"schema":{"@context":"https:\/\/schema.org","@graph":[{"@type":"WebPage","@id":"https:\/\/wp.gateme.com\/lt\/privatumo-politika\/","url":"https:\/\/wp.gateme.com\/lt\/privatumo-politika\/","name":"GateMe \u2013 Parduokite bilietus \u012f savo renginius nemokamai!","isPartOf":{"@id":"https:\/\/wp.gateme.com\/lt\/#website"},"datePublished":"2021-08-06T13:43:02+00:00","dateModified":"2025-08-08T14:06:52+00:00","breadcrumb":{"@id":"https:\/\/wp.gateme.com\/lt\/privatumo-politika\/#breadcrumb"},"inLanguage":"lt-LT","potentialAction":[{"@type":"ReadAction","target":["https:\/\/wp.gateme.com\/lt\/privatumo-politika\/"]}]},{"@type":"BreadcrumbList","@id":"https:\/\/wp.gateme.com\/lt\/privatumo-politika\/#breadcrumb","itemListElement":[{"@type":"ListItem","position":1,"name":"Home","item":"https:\/\/wp.gateme.com\/lt\/"},{"@type":"ListItem","position":2,"name":"Privatumo politika"}]},{"@type":"WebSite","@id":"https:\/\/wp.gateme.com\/lt\/#website","url":"https:\/\/wp.gateme.com\/lt\/","name":"GateMe","description":"Cheapest and Easiest Way to Sell Tickets","potentialAction":[{"@type":"SearchAction","target":{"@type":"EntryPoint","urlTemplate":"https:\/\/wp.gateme.com\/lt\/?s={search_term_string}"},"query-input":{"@type":"PropertyValueSpecification","valueRequired":true,"valueName":"search_term_string"}}],"inLanguage":"lt-LT"}]}},"_links":{"self":[{"href":"https:\/\/wp.gateme.com\/lt\/wp-json\/wp\/v2\/pages\/3294","targetHints":{"allow":["GET"]}}],"collection":[{"href":"https:\/\/wp.gateme.com\/lt\/wp-json\/wp\/v2\/pages"}],"about":[{"href":"https:\/\/wp.gateme.com\/lt\/wp-json\/wp\/v2\/types\/page"}],"author":[{"embeddable":true,"href":"https:\/\/wp.gateme.com\/lt\/wp-json\/wp\/v2\/users\/1"}],"replies":[{"embeddable":true,"href":"https:\/\/wp.gateme.com\/lt\/wp-json\/wp\/v2\/comments?post=3294"}],"version-history":[{"count":5,"href":"https:\/\/wp.gateme.com\/lt\/wp-json\/wp\/v2\/pages\/3294\/revisions"}],"predecessor-version":[{"id":25965935,"href":"https:\/\/wp.gateme.com\/lt\/wp-json\/wp\/v2\/pages\/3294\/revisions\/25965935"}],"wp:attachment":[{"href":"https:\/\/wp.gateme.com\/lt\/wp-json\/wp\/v2\/media?parent=3294"}],"curies":[{"name":"wp","href":"https:\/\/api.w.org\/{rel}","templated":true}]}}