{"id":3297,"date":"2021-08-06T13:47:51","date_gmt":"2021-08-06T13:47:51","guid":{"rendered":"http:\/\/wp.gateme.comnaudojimo-salygos\/"},"modified":"2025-09-09T08:52:52","modified_gmt":"2025-09-09T08:52:52","slug":"naudojimo-salygos","status":"publish","type":"page","link":"https:\/\/wp.gateme.com\/lt\/naudojimo-salygos\/","title":{"rendered":"Naudojimo S\u0105lygos"},"content":{"rendered":"<p>[et_pb_section fb_built=&#8221;1&#8243; admin_label=&#8221;Header&#8221; _builder_version=&#8221;4.16&#8243; _module_preset=&#8221;default&#8221; use_background_color_gradient=&#8221;on&#8221; background_color_gradient_type=&#8221;circular&#8221; background_color_gradient_direction_radial=&#8221;bottom&#8221; background_color_gradient_stops=&#8221;#27769a 0%|#000000 90%&#8221; background_color_gradient_start=&#8221;#27769a&#8221; background_color_gradient_end=&#8221;#000000&#8243; background_color_gradient_end_position=&#8221;90%&#8221; background_enable_image=&#8221;off&#8221; background_size=&#8221;contain&#8221; background_position=&#8221;bottom_center&#8221; overflow-x=&#8221;visible&#8221; overflow-y=&#8221;visible&#8221; custom_margin=&#8221;50px|3vw|50px|3vw|false|true&#8221; custom_padding=&#8221;0px||0px||false|false&#8221; background_last_edited=&#8221;on|tablet&#8221; background_mask_aspect_ratio_tablet=&#8221;portrait&#8221; border_radii=&#8221;on|1.5vw|1.5vw|1.5vw|1.5vw&#8221; locked=&#8221;off&#8221; collapsed=&#8221;on&#8221; global_colors_info=&#8221;{%22gcid-64653083-5242-43fe-8dfb-3d72435526c0%22:%91%22background_color_gradient_stops%22,%22background_color_gradient_stops%22%93}&#8221;][et_pb_row _builder_version=&#8221;4.21.0&#8243; _module_preset=&#8221;default&#8221; width=&#8221;90%&#8221; custom_padding=&#8221;68px||40px|||&#8221; locked=&#8221;off&#8221; global_colors_info=&#8221;{}&#8221;][et_pb_column type=&#8221;4_4&#8243; _builder_version=&#8221;4.21.0&#8243; _module_preset=&#8221;default&#8221; global_colors_info=&#8221;{}&#8221;][et_pb_text _builder_version=&#8221;4.27.4&#8243; _module_preset=&#8221;f021f819-6644-4181-99da-306200320a84&#8243; header_font=&#8221;Inter|700|||||||&#8221; header_text_color=&#8221;#FFFFFF&#8221; header_font_size=&#8221;55px&#8221; header_line_height=&#8221;1.15em&#8221; text_orientation=&#8221;center&#8221; custom_margin=&#8221;||10px||false|false&#8221; header_font_size_tablet=&#8221;40px&#8221; header_font_size_phone=&#8221;24px&#8221; header_font_size_last_edited=&#8221;on|desktop&#8221; global_colors_info=&#8221;{}&#8221;]<\/p>\n<h1 style=\"text-align: center;\">Naudojimo s\u0105lygos<\/h1>\n<p>[\/et_pb_text][et_pb_text _builder_version=&#8221;4.27.4&#8243; _module_preset=&#8221;e60e9dbe-afe3-420a-8618-fdee020217e9&#8243; text_text_color=&#8221;#FFFFFF&#8221; text_font_size=&#8221;18px&#8221; text_line_height=&#8221;1.8em&#8221; custom_margin=&#8221;||41px|||&#8221; text_font_size_tablet=&#8221;15px&#8221; text_font_size_phone=&#8221;14px&#8221; text_font_size_last_edited=&#8221;on|desktop&#8221; locked=&#8221;off&#8221; global_colors_info=&#8221;{}&#8221;]<\/p>\n<p style=\"text-align: center;\">Paprastas rengini\u0173 valdymas bet kokio tipo renginiams<\/p>\n<p>[\/et_pb_text][\/et_pb_column][\/et_pb_row][\/et_pb_section][et_pb_section fb_built=&#8221;1&#8243; _builder_version=&#8221;4.16&#8243; _module_preset=&#8221;default&#8221; global_colors_info=&#8221;{}&#8221;][et_pb_row _builder_version=&#8221;4.16&#8243; _module_preset=&#8221;default&#8221; custom_padding=&#8221;0px|||||&#8221; global_colors_info=&#8221;{}&#8221;][et_pb_column type=&#8221;4_4&#8243; _builder_version=&#8221;4.16&#8243; _module_preset=&#8221;default&#8221; global_colors_info=&#8221;{}&#8221;][et_pb_text _builder_version=&#8221;4.16&#8243; _module_preset=&#8221;default&#8221; text_font=&#8221;Poppins||||||||&#8221; text_text_color=&#8221;#FFFFFF&#8221; text_font_size=&#8221;16px&#8221; header_font=&#8221;Poppins||||||||&#8221; header_line_height=&#8221;1.4em&#8221; header_2_font=&#8221;Poppins|700|||||||&#8221; header_2_text_color=&#8221;#FFFFFF&#8221; header_2_font_size=&#8221;30px&#8221; header_2_line_height=&#8221;1.2em&#8221; header_3_font_size=&#8221;40px&#8221; background_color=&#8221;#14192d&#8221; custom_margin=&#8221;1px|||||&#8221; custom_padding=&#8221;30px|30px|30px|30px|true|true&#8221; border_radii=&#8221;on|10px|10px|10px|10px&#8221; global_colors_info=&#8221;{}&#8221;]<\/p>\n<div class=\"css-146c3p1 r-bcqeeo r-1ttztb7 r-qvutc0 r-1qd0xha r-a023e6 r-rjixqe r-16dba41 r-1adg3ll\" dir=\"ltr\">\n<div class=\"css-146c3p1 r-bcqeeo r-1ttztb7 r-qvutc0 r-1qd0xha r-a023e6 r-rjixqe r-16dba41 r-1adg3ll\" dir=\"ltr\"><span class=\"css-1jxf684 r-bcqeeo r-1ttztb7 r-qvutc0 r-poiln3\"><span class=\"css-1jxf684 r-bcqeeo r-1ttztb7 r-qvutc0 r-poiln3 r-b88u0q\"><span class=\"css-1jxf684 r-bcqeeo r-1ttztb7 r-qvutc0 r-poiln3 r-1wl4xqv\">GateMe svetain\u0117s (toliau vadinama GateMe) lankytojai ir vartotojai sutinka laikytis \u0161i\u0173 naudojimosi s\u0105lyg\u0173 (toliau \u2013 s\u0105lygos):<\/span><\/span><\/span><\/div>\n<div class=\"css-146c3p1 r-bcqeeo r-1ttztb7 r-qvutc0 r-1qd0xha r-a023e6 r-rjixqe r-16dba41 r-1adg3ll\" dir=\"ltr\"><span class=\"css-1jxf684 r-bcqeeo r-1ttztb7 r-qvutc0 r-poiln3\"><span class=\"css-1jxf684 r-bcqeeo r-1ttztb7 r-qvutc0 r-poiln3 r-b88u0q\"><span class=\"css-1jxf684 r-bcqeeo r-1ttztb7 r-qvutc0 r-poiln3 r-1wl4xqv\"><\/span><\/span><\/span><\/div>\n<ul>\n<li class=\"css-146c3p1 r-bcqeeo r-1ttztb7 r-qvutc0 r-1qd0xha r-a023e6 r-rjixqe r-16dba41 r-1adg3ll\" dir=\"ltr\"><span class=\"css-1jxf684 r-bcqeeo r-1ttztb7 r-qvutc0 r-poiln3\"><span class=\"css-1jxf684 r-bcqeeo r-1ttztb7 r-qvutc0 r-poiln3 r-1wl4xqv\">GateMe administruoja BaBash Group O\u00dc (toliau vadinama BaBash Group), adresas M\u00e4ealuse 2\/1, Tallinn, Harjumaa, Estija, 12618; el. pa\u0161to adresas: <\/span>info@gateme.com.<\/span><\/li>\n<li class=\"css-146c3p1 r-bcqeeo r-1ttztb7 r-qvutc0 r-1qd0xha r-a023e6 r-rjixqe r-16dba41 r-1adg3ll\" dir=\"ltr\"><span class=\"css-1jxf684 r-bcqeeo r-1ttztb7 r-qvutc0 r-poiln3\"><span class=\"css-1jxf684 r-bcqeeo r-1ttztb7 r-qvutc0 r-poiln3 r-1wl4xqv\">BaBash Group neorganizuoja joki\u0173 rengini\u0173. BaBash Group suteikia galimyb\u0119 u\u017esira\u0161yti \u012f sve\u010di\u0173 s\u0105ra\u0161\u0105 pagal organizatori\u0173, reklamos specialist\u0173, atlik\u0117j\u0173 ir kt. pra\u0161ym\u0105 ir vardu, ta\u010diau neturi teis\u0117s nustatyti ar keisti kain\u0173 ir pardavimo s\u0105lyg\u0173, \u012fskaitant keitim\u0105 ar gr\u0105\u017einim\u0105 prarast\u0173 ar su renginiais susijusi\u0173 objekt\u0173. Mok\u0117jim\u0173 teises ir pareigas nustato ir informuoja renginio organizatorius, ir BaBash Group n\u0117ra atsakinga u\u017e \u0161i\u0173 teisi\u0173 ir pareig\u0173 turin\u012f, \u012fgyvendinim\u0105 ar pakeitimus. <\/span><\/span><\/li>\n<li class=\"css-146c3p1 r-bcqeeo r-1ttztb7 r-qvutc0 r-1qd0xha r-a023e6 r-rjixqe r-16dba41 r-1adg3ll\" dir=\"ltr\"><span class=\"css-1jxf684 r-bcqeeo r-1ttztb7 r-qvutc0 r-poiln3\"><span class=\"css-1jxf684 r-bcqeeo r-1ttztb7 r-qvutc0 r-poiln3 r-1wl4xqv\">BaBash Group platforma rengini\u0173 organizatoriams GateMe yra visi\u0161kai nemokama, jei bilietai ar stalai parduodami per min\u0117t\u0105 platform\u0105. Jei GateMe platforma naudojama tik sve\u010di\u0173 valdymui, t. y. prid\u0117ti \u017emones \u012f sve\u010di\u0173 s\u0105ra\u0161us ir juos registruoti renginio metu, kaina sutariama i\u0161 anksto su BaBash Group atstovu telefonu, SMS ar el. pa\u0161tu. Jei renginio organizatorius nepasiekiamas ir kaina nesutarta, mokestis u\u017e vien\u0105 rengin\u012f, kuriame naudojamos sve\u010di\u0173 valdymo funkcijos, bus 70 \u20ac + PVM. Mokestis turi b\u016bti sumok\u0117tas gavus s\u0105skait\u0105 fakt\u016br\u0105 i\u0161 BaBash Group atstovo. <\/span><\/span><\/li>\n<li class=\"css-146c3p1 r-bcqeeo r-1ttztb7 r-qvutc0 r-1qd0xha r-a023e6 r-rjixqe r-16dba41 r-1adg3ll\" dir=\"ltr\"><span class=\"css-1jxf684 r-bcqeeo r-1ttztb7 r-qvutc0 r-poiln3\"><span class=\"css-1jxf684 r-bcqeeo r-1ttztb7 r-qvutc0 r-poiln3 r-1wl4xqv\">BaBash Group n\u0117ra renginio organizatoriaus, atlik\u0117jo ar bet kurio kito asmens, atsakingo u\u017e renginio turin\u012f, kokyb\u0119, informacij\u0105 ar reklam\u0105, atstovas. <\/span><\/span><\/li>\n<li class=\"css-146c3p1 r-bcqeeo r-1ttztb7 r-qvutc0 r-1qd0xha r-a023e6 r-rjixqe r-16dba41 r-1adg3ll\" dir=\"ltr\"><span class=\"css-1jxf684 r-bcqeeo r-1ttztb7 r-qvutc0 r-poiln3\"><span class=\"css-1jxf684 r-bcqeeo r-1ttztb7 r-qvutc0 r-poiln3 r-1wl4xqv\">BaBash Group ir renginio organizatorius n\u0117ra \u012fpareigoti gr\u0105\u017einti pinigus, jei klientas pakeit\u0117 savo vard\u0105 arba neketina dalyvauti renginyje. <\/span><\/span><\/li>\n<li class=\"css-146c3p1 r-bcqeeo r-1ttztb7 r-qvutc0 r-1qd0xha r-a023e6 r-rjixqe r-16dba41 r-1adg3ll\" dir=\"ltr\"><span class=\"css-1jxf684 r-bcqeeo r-1ttztb7 r-qvutc0 r-poiln3\"><span class=\"css-1jxf684 r-bcqeeo r-1ttztb7 r-qvutc0 r-poiln3 r-1wl4xqv\">BaBash Group pasilieka teis\u0119 riboti mok\u0117jim\u0173 skai\u010di\u0173 vienam klientui ir at\u0161aukti pirkim\u0105, vir\u0161ijant\u012f nustatyt\u0105 limit\u0105. <\/span><\/span><\/li>\n<li class=\"css-146c3p1 r-bcqeeo r-1ttztb7 r-qvutc0 r-1qd0xha r-a023e6 r-rjixqe r-16dba41 r-1adg3ll\" dir=\"ltr\"><span class=\"css-1jxf684 r-bcqeeo r-1ttztb7 r-qvutc0 r-poiln3\"><span class=\"css-1jxf684 r-bcqeeo r-1ttztb7 r-qvutc0 r-poiln3 r-1wl4xqv\">Kai klientas sumoka per GateMe, jis automati\u0161kai \u012ftraukiamas \u012f pasirinkto renginio sve\u010di\u0173 s\u0105ra\u0161\u0105 ir pateks \u012f naktin\u012f klub\u0105, parodydamas galiojant\u012f asmens tapatyb\u0117s dokument\u0105. <\/span><\/span><\/li>\n<li class=\"css-146c3p1 r-bcqeeo r-1ttztb7 r-qvutc0 r-1qd0xha r-a023e6 r-rjixqe r-16dba41 r-1adg3ll\" dir=\"ltr\"><span class=\"css-1jxf684 r-bcqeeo r-1ttztb7 r-qvutc0 r-poiln3\"><span class=\"css-1jxf684 r-bcqeeo r-1ttztb7 r-qvutc0 r-poiln3 r-1wl4xqv\">Jei renginio organizatorius neleid\u017eia sve\u010diui \u012feiti d\u0117l aprangos kodo, am\u017eiaus ar kit\u0173 organizatoriaus nustatyt\u0173 s\u0105lyg\u0173, BaBash Group n\u0117ra \u012fpareigota keisti ar gr\u0105\u017einti pinig\u0173. <\/span><\/span><\/li>\n<li class=\"css-146c3p1 r-bcqeeo r-1ttztb7 r-qvutc0 r-1qd0xha r-a023e6 r-rjixqe r-16dba41 r-1adg3ll\" dir=\"ltr\"><span class=\"css-1jxf684 r-bcqeeo r-1ttztb7 r-qvutc0 r-poiln3\"><span class=\"css-1jxf684 r-bcqeeo r-1ttztb7 r-qvutc0 r-poiln3 r-1wl4xqv\">BaBash Group atsisako bet kokios atsakomyb\u0117s u\u017e u\u017eblokuot\u0105 \u012f\u0117jim\u0105, jei tai sukelia neteisingi GateMe vartotojo duomenys, komentarai, tre\u010di\u0173j\u0173 \u0161ali\u0173 veiksmai ir kitos nuo BaBash Group nepriklausan\u010dios aplinkyb\u0117s. <\/span><\/span><\/li>\n<li class=\"css-146c3p1 r-bcqeeo r-1ttztb7 r-qvutc0 r-1qd0xha r-a023e6 r-rjixqe r-16dba41 r-1adg3ll\" dir=\"ltr\"><span class=\"css-1jxf684 r-bcqeeo r-1ttztb7 r-qvutc0 r-poiln3\"><span class=\"css-1jxf684 r-bcqeeo r-1ttztb7 r-qvutc0 r-poiln3 r-1wl4xqv\">BaBash Group atsisako bet kokios atsakomyb\u0117s u\u017e u\u017eblokuot\u0105 \u012f\u0117jim\u0105, jei pasirinktas renginys ir sumok\u0117ta suma n\u0117ra tikri (klaidingas renginys, ma\u017eesn\u0117 suma). Jei yra kit\u0173 prie\u017eas\u010di\u0173, d\u0117l kuri\u0173 j\u016bs\u0173 \u012f\u0117jimas gal\u0117jo b\u016bti u\u017eblokuotas, susisiekite su BaBash Group: <\/span>info@babash.eu<span class=\"css-1jxf684 r-bcqeeo r-1ttztb7 r-qvutc0 r-poiln3 r-1wl4xqv\">. <\/span><\/span><\/li>\n<li class=\"css-146c3p1 r-bcqeeo r-1ttztb7 r-qvutc0 r-1qd0xha r-a023e6 r-rjixqe r-16dba41 r-1adg3ll\" dir=\"ltr\"><span class=\"css-1jxf684 r-bcqeeo r-1ttztb7 r-qvutc0 r-poiln3\"><span class=\"css-1jxf684 r-bcqeeo r-1ttztb7 r-qvutc0 r-poiln3 r-1wl4xqv\">Jei renginys at\u0161aukiamas, atidedamas ar kei\u010diama jo vieta, BaBash Group n\u0117ra \u012fpareigota keisti ar gr\u0105\u017einti pinig\u0173. Keitim\u0105 ir\/arba gr\u0105\u017einim\u0105 nustato ir valdo renginio organizatorius, jei nenurodyta kitaip. <\/span><\/span><\/li>\n<li class=\"css-146c3p1 r-bcqeeo r-1ttztb7 r-qvutc0 r-1qd0xha r-a023e6 r-rjixqe r-16dba41 r-1adg3ll\" dir=\"ltr\"><span class=\"css-1jxf684 r-bcqeeo r-1ttztb7 r-qvutc0 r-poiln3\"><span class=\"css-1jxf684 r-bcqeeo r-1ttztb7 r-qvutc0 r-poiln3 r-1wl4xqv\">BaBash Group n\u0117ra atsakinga u\u017e vartotoj\u0173 pateikt\u0105 informacij\u0105, komentarus ar kitus duomenis svetain\u0117je. <\/span><\/span><\/li>\n<li class=\"css-146c3p1 r-bcqeeo r-1ttztb7 r-qvutc0 r-1qd0xha r-a023e6 r-rjixqe r-16dba41 r-1adg3ll\" dir=\"ltr\"><span class=\"css-1jxf684 r-bcqeeo r-1ttztb7 r-qvutc0 r-poiln3\"><span class=\"css-1jxf684 r-bcqeeo r-1ttztb7 r-qvutc0 r-poiln3 r-1wl4xqv\">GateMe svetain\u0117je gali b\u016bti nuorod\u0173 ir adres\u0173 \u012f pasaulin\u0119 informacij\u0105 internete. Kadangi BaBash Group nekontroliuoja \u0161i\u0173 svetaini\u0173 ir jose pateikiamos informacijos, BaBash Group neatsako u\u017e \u0161i\u0173 svetaini\u0173 tikslum\u0105, aktualum\u0105, turin\u012f ir informacij\u0105. <\/span><\/span><\/li>\n<li class=\"css-146c3p1 r-bcqeeo r-1ttztb7 r-qvutc0 r-1qd0xha r-a023e6 r-rjixqe r-16dba41 r-1adg3ll\" dir=\"ltr\"><span class=\"css-1jxf684 r-bcqeeo r-1ttztb7 r-qvutc0 r-poiln3\"><span class=\"css-1jxf684 r-bcqeeo r-1ttztb7 r-qvutc0 r-poiln3 r-1wl4xqv\">Bet koks \u0161ios svetain\u0117s, jos turinio ir duomen\u0173 (\u012fskaitant nuorodas \u012f GateMe) naudojimas neteis\u0117tiems tikslams, taip pat reklamai, verslo tikslams ar kitai komercinei veiklai (\u012fskaitant reklamavim\u0105) be i\u0161ankstinio BaBash Group ra\u0161ti\u0161ko sutikimo yra draud\u017eiamas. <\/span><\/span><\/li>\n<li class=\"css-146c3p1 r-bcqeeo r-1ttztb7 r-qvutc0 r-1qd0xha r-a023e6 r-rjixqe r-16dba41 r-1adg3ll\" dir=\"ltr\"><span class=\"css-1jxf684 r-bcqeeo r-1ttztb7 r-qvutc0 r-poiln3\"><span class=\"css-1jxf684 r-bcqeeo r-1ttztb7 r-qvutc0 r-poiln3 r-1wl4xqv\">GateMe vartotojas sutinka nesiki\u0161ti \u012f tinkam\u0105 GateMe svetain\u0117s veikim\u0105 ir techninius sprendimus. Bet koks GateMe naudojimo steb\u0117jimas, kopijavimas, atk\u016brimas, keitimas, naudojimas ir publikavimas bet kokiais tikslais yra draud\u017eiamas. Bet kokia veikla, kuri neproporcingai apkrauna m\u016bs\u0173 GateMe sistem\u0105, svetain\u0119 ar tinkam\u0105 GateMe veikim\u0105, yra draud\u017eiama. <\/span><\/span><\/li>\n<li class=\"css-146c3p1 r-bcqeeo r-1ttztb7 r-qvutc0 r-1qd0xha r-a023e6 r-rjixqe r-16dba41 r-1adg3ll\" dir=\"ltr\"><span class=\"css-1jxf684 r-bcqeeo r-1ttztb7 r-qvutc0 r-poiln3\"><span class=\"css-1jxf684 r-bcqeeo r-1ttztb7 r-qvutc0 r-poiln3 r-1wl4xqv\">Pa\u017eeidus GateMe svetain\u0117s naudojimosi s\u0105lygas, BaBash Group turi teis\u0119 blokuoti prieig\u0105 ir\/arba at\u0161aukti u\u017esakym\u0105 bet kuriam vartotojui. <\/span><\/span><\/li>\n<li class=\"css-146c3p1 r-bcqeeo r-1ttztb7 r-qvutc0 r-1qd0xha r-a023e6 r-rjixqe r-16dba41 r-1adg3ll\" dir=\"ltr\"><span class=\"css-1jxf684 r-bcqeeo r-1ttztb7 r-qvutc0 r-poiln3\"><span class=\"css-1jxf684 r-bcqeeo r-1ttztb7 r-qvutc0 r-poiln3 r-1wl4xqv\">Veikdami GateMe svetain\u0117je, jos vartotojas sutinka: 1) b\u016bti ne jaunesnis nei 18 met\u0173, visi\u0161kai atsakingu asmeniu (7-18 met\u0173 riboto atsakingumo asmuo turi patvirtinti, kad turi visi\u0161k\u0105 teis\u0117t\u0105 atstovo pritarim\u0105 ir priemones naudoti GateMe svetain\u0119); 2) b\u016bti juridiniu subjektu, kurio atstovas yra \u012fgaliotas naudoti GateMe svetain\u0119 jo vardu; 3) laikytis vis\u0173 GateMe svetain\u0117s naudojimosi s\u0105lyg\u0173; 4) prisiimti piln\u0105 atsakomyb\u0119 u\u017e pasekmes, jei jo naudotojo vardas ir slapta\u017eodis tampa \u017einomi tre\u010diajai \u0161aliai; 5) kad galime pateikti jo vard\u0105, el. pa\u0161to adres\u0105 ir telefono numer\u012f naktiniam klubui. <\/span><\/span><\/li>\n<li class=\"css-146c3p1 r-bcqeeo r-1ttztb7 r-qvutc0 r-1qd0xha r-a023e6 r-rjixqe r-16dba41 r-1adg3ll\" dir=\"ltr\"><span class=\"css-1jxf684 r-bcqeeo r-1ttztb7 r-qvutc0 r-poiln3\"><span class=\"css-1jxf684 r-bcqeeo r-1ttztb7 r-qvutc0 r-poiln3 r-1wl4xqv\">BaBash Group atsisako bet kokios atsakomyb\u0117s u\u017e at\u0161auktus renginius, j\u0173 organizavim\u0105, reklam\u0105, informacij\u0105 ar kitas su renginiais susijusias aplinkybes, taip pat u\u017e galimus nuostolius ir \u017eal\u0105, kuri gali atsirasti d\u0117l renginio at\u0161aukimo. <\/span><\/span><\/li>\n<li class=\"css-146c3p1 r-bcqeeo r-1ttztb7 r-qvutc0 r-1qd0xha r-a023e6 r-rjixqe r-16dba41 r-1adg3ll\" dir=\"ltr\"><span class=\"css-1jxf684 r-bcqeeo r-1ttztb7 r-qvutc0 r-poiln3\"><span class=\"css-1jxf684 r-bcqeeo r-1ttztb7 r-qvutc0 r-poiln3 r-1wl4xqv\">BaBash Group n\u0117ra atsakinga u\u017e jokius nuostolius ar \u017eal\u0105, atsirandan\u010dius naudojantis GateMe svetaine ir\/arba jos turiniu bei naudojantis nuorodomis \u0161ioje svetain\u0117je. <\/span><\/span><\/li>\n<li class=\"css-146c3p1 r-bcqeeo r-1ttztb7 r-qvutc0 r-1qd0xha r-a023e6 r-rjixqe r-16dba41 r-1adg3ll\" dir=\"ltr\"><span class=\"css-1jxf684 r-bcqeeo r-1ttztb7 r-qvutc0 r-poiln3\"><span class=\"css-1jxf684 r-bcqeeo r-1ttztb7 r-qvutc0 r-poiln3 r-1wl4xqv\">BaBash Group netikrina vartotojo tapatyb\u0117s, i\u0161skyrus naudotojo vard\u0105 ir slapta\u017eod\u012f. <\/span><\/span><\/li>\n<li class=\"css-146c3p1 r-bcqeeo r-1ttztb7 r-qvutc0 r-1qd0xha r-a023e6 r-rjixqe r-16dba41 r-1adg3ll\" dir=\"ltr\"><span class=\"css-1jxf684 r-bcqeeo r-1ttztb7 r-qvutc0 r-poiln3\"><span class=\"css-1jxf684 r-bcqeeo r-1ttztb7 r-qvutc0 r-poiln3 r-1wl4xqv\">BaBash Group ir rengini\u0173 organizatoriai netikrina mok\u0117tojo tapatyb\u0117s ir n\u0117ra atsakingi u\u017e joki\u0105 \u017eal\u0105, kuri gali atsirasti d\u0117l to. <\/span><\/span><\/li>\n<li class=\"css-146c3p1 r-bcqeeo r-1ttztb7 r-qvutc0 r-1qd0xha r-a023e6 r-rjixqe r-16dba41 r-1adg3ll\" dir=\"ltr\"><span class=\"css-1jxf684 r-bcqeeo r-1ttztb7 r-qvutc0 r-poiln3\"><span class=\"css-1jxf684 r-bcqeeo r-1ttztb7 r-qvutc0 r-poiln3 r-1wl4xqv\">BaBash Group pasilieka teis\u0119 keisti naudojimosi s\u0105lygas be i\u0161ankstinio \u012fsp\u0117jimo, pakeitimai \u012fsigalioja juos paskelbus puslapyje <a href=\"https:\/\/gateme.com\/pro\/lt\/naudojimo-salygos\/\">https:\/\/gateme.com\/lt\/pro\/naudojimo-salygos\/<\/a><\/span><span class=\"css-1jxf684 r-bcqeeo r-1ttztb7 r-qvutc0 r-poiln3 r-1wl4xqv\">. <\/span><\/span><\/li>\n<li class=\"css-146c3p1 r-bcqeeo r-1ttztb7 r-qvutc0 r-1qd0xha r-a023e6 r-rjixqe r-16dba41 r-1adg3ll\" dir=\"ltr\"><span class=\"css-1jxf684 r-bcqeeo r-1ttztb7 r-qvutc0 r-poiln3\"><span class=\"css-1jxf684 r-bcqeeo r-1ttztb7 r-qvutc0 r-poiln3 r-1wl4xqv\">Visi skundai d\u0117l renginio turinio, kokyb\u0117s ir reklamos turi b\u016bti pateikti rengini\u0173 organizatoriams. <\/span><\/span><\/li>\n<li class=\"css-146c3p1 r-bcqeeo r-1ttztb7 r-qvutc0 r-1qd0xha r-a023e6 r-rjixqe r-16dba41 r-1adg3ll\" dir=\"ltr\"><span class=\"css-1jxf684 r-bcqeeo r-1ttztb7 r-qvutc0 r-poiln3\"><span class=\"css-1jxf684 r-bcqeeo r-1ttztb7 r-qvutc0 r-poiln3 r-1wl4xqv\">Visi nesutarimai, kil\u0119 d\u0117l GateMe svetain\u0117s naudojimo, sprend\u017eiami pagal \u0161ias naudojimosi s\u0105lygas ir Estijos \u012fstatymus.<\/span><\/span><\/li>\n<\/ul>\n<\/div>\n<p>[\/et_pb_text][\/et_pb_column][\/et_pb_row][\/et_pb_section]<\/p>\n","protected":false},"excerpt":{"rendered":"<p>Naudojimo s\u0105lygosPaprastas rengini\u0173 valdymas bet kokio tipo renginiams GateMe svetain\u0117s (toliau vadinama GateMe) lankytojai ir vartotojai sutinka laikytis \u0161i\u0173 naudojimosi s\u0105lyg\u0173 (toliau \u2013 s\u0105lygos): GateMe administruoja BaBash Group O\u00dc (toliau vadinama BaBash Group), adresas M\u00e4ealuse 2\/1, Tallinn, Harjumaa, Estija, 12618; el. pa\u0161to adresas: info@gateme.com. BaBash Group neorganizuoja joki\u0173 rengini\u0173. BaBash Group suteikia galimyb\u0119 u\u017esira\u0161yti \u012f [&hellip;]<\/p>\n","protected":false},"author":1,"featured_media":0,"parent":0,"menu_order":0,"comment_status":"closed","ping_status":"closed","template":"","meta":{"_et_pb_use_builder":"on","_et_pb_old_content":"","_et_gb_content_width":"1080","_monsterinsights_skip_tracking":false,"_monsterinsights_sitenote_active":false,"_monsterinsights_sitenote_note":"","_monsterinsights_sitenote_category":0,"footnotes":""},"class_list":["post-3297","page","type-page","status-publish","hentry"],"yoast_head":"<!-- This site is optimized with the Yoast SEO plugin v27.5 - https:\/\/yoast.com\/product\/yoast-seo-wordpress\/ -->\n<title>GateMe \u2013 Parduokite bilietus \u012f savo renginius nemokamai!<\/title>\n<meta name=\"robots\" content=\"index, follow, max-snippet:-1, max-image-preview:large, max-video-preview:-1\" \/>\n<link rel=\"canonical\" href=\"https:\/\/wp.gateme.com\/lt\/naudojimo-salygos\/\" \/>\n<meta property=\"og:locale\" content=\"lt_LT\" \/>\n<meta property=\"og:type\" content=\"article\" \/>\n<meta property=\"og:title\" content=\"GateMe \u2013 Parduokite bilietus \u012f savo renginius nemokamai!\" \/>\n<meta property=\"og:description\" content=\"Naudojimo s\u0105lygosPaprastas rengini\u0173 valdymas bet kokio tipo renginiams GateMe svetain\u0117s (toliau vadinama GateMe) lankytojai ir vartotojai sutinka laikytis \u0161i\u0173 naudojimosi s\u0105lyg\u0173 (toliau \u2013 s\u0105lygos): GateMe administruoja BaBash Group O\u00dc (toliau vadinama BaBash Group), adresas M\u00e4ealuse 2\/1, Tallinn, Harjumaa, Estija, 12618; el. pa\u0161to adresas: info@gateme.com. BaBash Group neorganizuoja joki\u0173 rengini\u0173. BaBash Group suteikia galimyb\u0119 u\u017esira\u0161yti \u012f [&hellip;]\" \/>\n<meta property=\"og:url\" content=\"https:\/\/wp.gateme.com\/lt\/naudojimo-salygos\/\" \/>\n<meta property=\"og:site_name\" content=\"GateMe\" \/>\n<meta property=\"article:modified_time\" content=\"2025-09-09T08:52:52+00:00\" \/>\n<meta name=\"twitter:card\" content=\"summary_large_image\" \/>\n<meta name=\"twitter:label1\" content=\"Est. reading time\" \/>\n\t<meta name=\"twitter:data1\" content=\"5 minut\u0117s\" \/>\n<script type=\"application\/ld+json\" class=\"yoast-schema-graph\">{\"@context\":\"https:\\\/\\\/schema.org\",\"@graph\":[{\"@type\":\"WebPage\",\"@id\":\"https:\\\/\\\/wp.gateme.com\\\/lt\\\/naudojimo-salygos\\\/\",\"url\":\"https:\\\/\\\/wp.gateme.com\\\/lt\\\/naudojimo-salygos\\\/\",\"name\":\"GateMe \u2013 Parduokite bilietus \u012f savo renginius nemokamai!\",\"isPartOf\":{\"@id\":\"https:\\\/\\\/wp.gateme.com\\\/lt\\\/#website\"},\"datePublished\":\"2021-08-06T13:47:51+00:00\",\"dateModified\":\"2025-09-09T08:52:52+00:00\",\"breadcrumb\":{\"@id\":\"https:\\\/\\\/wp.gateme.com\\\/lt\\\/naudojimo-salygos\\\/#breadcrumb\"},\"inLanguage\":\"lt-LT\",\"potentialAction\":[{\"@type\":\"ReadAction\",\"target\":[\"https:\\\/\\\/wp.gateme.com\\\/lt\\\/naudojimo-salygos\\\/\"]}]},{\"@type\":\"BreadcrumbList\",\"@id\":\"https:\\\/\\\/wp.gateme.com\\\/lt\\\/naudojimo-salygos\\\/#breadcrumb\",\"itemListElement\":[{\"@type\":\"ListItem\",\"position\":1,\"name\":\"Home\",\"item\":\"https:\\\/\\\/wp.gateme.com\\\/lt\\\/\"},{\"@type\":\"ListItem\",\"position\":2,\"name\":\"Naudojimo S\u0105lygos\"}]},{\"@type\":\"WebSite\",\"@id\":\"https:\\\/\\\/wp.gateme.com\\\/lt\\\/#website\",\"url\":\"https:\\\/\\\/wp.gateme.com\\\/lt\\\/\",\"name\":\"GateMe\",\"description\":\"Cheapest and Easiest Way to Sell Tickets\",\"potentialAction\":[{\"@type\":\"SearchAction\",\"target\":{\"@type\":\"EntryPoint\",\"urlTemplate\":\"https:\\\/\\\/wp.gateme.com\\\/lt\\\/?s={search_term_string}\"},\"query-input\":{\"@type\":\"PropertyValueSpecification\",\"valueRequired\":true,\"valueName\":\"search_term_string\"}}],\"inLanguage\":\"lt-LT\"}]}<\/script>\n<!-- \/ Yoast SEO plugin. -->","yoast_head_json":{"title":"GateMe \u2013 Parduokite bilietus \u012f savo renginius nemokamai!","robots":{"index":"index","follow":"follow","max-snippet":"max-snippet:-1","max-image-preview":"max-image-preview:large","max-video-preview":"max-video-preview:-1"},"canonical":"https:\/\/wp.gateme.com\/lt\/naudojimo-salygos\/","og_locale":"lt_LT","og_type":"article","og_title":"GateMe \u2013 Parduokite bilietus \u012f savo renginius nemokamai!","og_description":"Naudojimo s\u0105lygosPaprastas rengini\u0173 valdymas bet kokio tipo renginiams GateMe svetain\u0117s (toliau vadinama GateMe) lankytojai ir vartotojai sutinka laikytis \u0161i\u0173 naudojimosi s\u0105lyg\u0173 (toliau \u2013 s\u0105lygos): GateMe administruoja BaBash Group O\u00dc (toliau vadinama BaBash Group), adresas M\u00e4ealuse 2\/1, Tallinn, Harjumaa, Estija, 12618; el. pa\u0161to adresas: info@gateme.com. BaBash Group neorganizuoja joki\u0173 rengini\u0173. BaBash Group suteikia galimyb\u0119 u\u017esira\u0161yti \u012f [&hellip;]","og_url":"https:\/\/wp.gateme.com\/lt\/naudojimo-salygos\/","og_site_name":"GateMe","article_modified_time":"2025-09-09T08:52:52+00:00","twitter_card":"summary_large_image","twitter_misc":{"Est. reading time":"5 minut\u0117s"},"schema":{"@context":"https:\/\/schema.org","@graph":[{"@type":"WebPage","@id":"https:\/\/wp.gateme.com\/lt\/naudojimo-salygos\/","url":"https:\/\/wp.gateme.com\/lt\/naudojimo-salygos\/","name":"GateMe \u2013 Parduokite bilietus \u012f savo renginius nemokamai!","isPartOf":{"@id":"https:\/\/wp.gateme.com\/lt\/#website"},"datePublished":"2021-08-06T13:47:51+00:00","dateModified":"2025-09-09T08:52:52+00:00","breadcrumb":{"@id":"https:\/\/wp.gateme.com\/lt\/naudojimo-salygos\/#breadcrumb"},"inLanguage":"lt-LT","potentialAction":[{"@type":"ReadAction","target":["https:\/\/wp.gateme.com\/lt\/naudojimo-salygos\/"]}]},{"@type":"BreadcrumbList","@id":"https:\/\/wp.gateme.com\/lt\/naudojimo-salygos\/#breadcrumb","itemListElement":[{"@type":"ListItem","position":1,"name":"Home","item":"https:\/\/wp.gateme.com\/lt\/"},{"@type":"ListItem","position":2,"name":"Naudojimo S\u0105lygos"}]},{"@type":"WebSite","@id":"https:\/\/wp.gateme.com\/lt\/#website","url":"https:\/\/wp.gateme.com\/lt\/","name":"GateMe","description":"Cheapest and Easiest Way to Sell Tickets","potentialAction":[{"@type":"SearchAction","target":{"@type":"EntryPoint","urlTemplate":"https:\/\/wp.gateme.com\/lt\/?s={search_term_string}"},"query-input":{"@type":"PropertyValueSpecification","valueRequired":true,"valueName":"search_term_string"}}],"inLanguage":"lt-LT"}]}},"_links":{"self":[{"href":"https:\/\/wp.gateme.com\/lt\/wp-json\/wp\/v2\/pages\/3297","targetHints":{"allow":["GET"]}}],"collection":[{"href":"https:\/\/wp.gateme.com\/lt\/wp-json\/wp\/v2\/pages"}],"about":[{"href":"https:\/\/wp.gateme.com\/lt\/wp-json\/wp\/v2\/types\/page"}],"author":[{"embeddable":true,"href":"https:\/\/wp.gateme.com\/lt\/wp-json\/wp\/v2\/users\/1"}],"replies":[{"embeddable":true,"href":"https:\/\/wp.gateme.com\/lt\/wp-json\/wp\/v2\/comments?post=3297"}],"version-history":[{"count":5,"href":"https:\/\/wp.gateme.com\/lt\/wp-json\/wp\/v2\/pages\/3297\/revisions"}],"predecessor-version":[{"id":25967253,"href":"https:\/\/wp.gateme.com\/lt\/wp-json\/wp\/v2\/pages\/3297\/revisions\/25967253"}],"wp:attachment":[{"href":"https:\/\/wp.gateme.com\/lt\/wp-json\/wp\/v2\/media?parent=3297"}],"curies":[{"name":"wp","href":"https:\/\/api.w.org\/{rel}","templated":true}]}}