{"id":1608,"date":"2021-08-06T13:47:51","date_gmt":"2021-08-06T13:47:51","guid":{"rendered":"http:\/\/wp.gateme.comlietosanas-noteikumi\/"},"modified":"2025-10-15T11:18:12","modified_gmt":"2025-10-15T11:18:12","slug":"lietosanas-noteikumi","status":"publish","type":"page","link":"https:\/\/wp.gateme.com\/lv\/lietosanas-noteikumi\/","title":{"rendered":"Lieto\u0161anas noteikumi"},"content":{"rendered":"<p>[et_pb_section fb_built=&#8221;1&#8243; admin_label=&#8221;Header&#8221; _builder_version=&#8221;4.16&#8243; _module_preset=&#8221;default&#8221; use_background_color_gradient=&#8221;on&#8221; background_color_gradient_type=&#8221;circular&#8221; background_color_gradient_direction_radial=&#8221;bottom&#8221; background_color_gradient_stops=&#8221;#27769a 0%|#000000 90%&#8221; background_color_gradient_start=&#8221;#27769a&#8221; background_color_gradient_end=&#8221;#000000&#8243; background_color_gradient_end_position=&#8221;90%&#8221; background_enable_image=&#8221;off&#8221; background_size=&#8221;contain&#8221; background_position=&#8221;bottom_center&#8221; overflow-x=&#8221;visible&#8221; overflow-y=&#8221;visible&#8221; custom_margin=&#8221;50px|3vw|50px|3vw|false|true&#8221; custom_padding=&#8221;0px||0px||false|false&#8221; background_last_edited=&#8221;on|tablet&#8221; background_mask_aspect_ratio_tablet=&#8221;portrait&#8221; border_radii=&#8221;on|1.5vw|1.5vw|1.5vw|1.5vw&#8221; locked=&#8221;off&#8221; collapsed=&#8221;on&#8221; global_colors_info=&#8221;{%22gcid-64653083-5242-43fe-8dfb-3d72435526c0%22:%91%22background_color_gradient_stops%22,%22background_color_gradient_stops%22%93}&#8221;][et_pb_row _builder_version=&#8221;4.21.0&#8243; _module_preset=&#8221;default&#8221; width=&#8221;90%&#8221; custom_padding=&#8221;68px||40px|||&#8221; locked=&#8221;off&#8221; global_colors_info=&#8221;{}&#8221;][et_pb_column type=&#8221;4_4&#8243; _builder_version=&#8221;4.21.0&#8243; _module_preset=&#8221;default&#8221; global_colors_info=&#8221;{}&#8221;][et_pb_text _builder_version=&#8221;4.27.4&#8243; _module_preset=&#8221;f021f819-6644-4181-99da-306200320a84&#8243; header_font=&#8221;Inter|700|||||||&#8221; header_text_color=&#8221;#FFFFFF&#8221; header_font_size=&#8221;55px&#8221; header_line_height=&#8221;1.15em&#8221; text_orientation=&#8221;center&#8221; custom_margin=&#8221;||10px||false|false&#8221; header_font_size_tablet=&#8221;40px&#8221; header_font_size_phone=&#8221;24px&#8221; header_font_size_last_edited=&#8221;on|desktop&#8221; global_colors_info=&#8221;{}&#8221;]<\/p>\n<h1 style=\"text-align: center;\">Lieto\u0161anas noteikumi<\/h1>\n<p>[\/et_pb_text][et_pb_text _builder_version=&#8221;4.27.4&#8243; _module_preset=&#8221;e60e9dbe-afe3-420a-8618-fdee020217e9&#8243; text_text_color=&#8221;#FFFFFF&#8221; text_font_size=&#8221;18px&#8221; text_line_height=&#8221;1.8em&#8221; custom_margin=&#8221;||41px|||&#8221; text_font_size_tablet=&#8221;15px&#8221; text_font_size_phone=&#8221;14px&#8221; text_font_size_last_edited=&#8221;on|desktop&#8221; locked=&#8221;off&#8221; global_colors_info=&#8221;{}&#8221;]<\/p>\n<p style=\"text-align: center;\">Vienk\u0101r\u0161a pas\u0101kumu vad\u012bba jebkura veida pas\u0101kumiem<\/p>\n<p>[\/et_pb_text][\/et_pb_column][\/et_pb_row][\/et_pb_section][et_pb_section fb_built=&#8221;1&#8243; _builder_version=&#8221;4.16&#8243; _module_preset=&#8221;default&#8221; global_colors_info=&#8221;{}&#8221;][et_pb_row _builder_version=&#8221;4.16&#8243; _module_preset=&#8221;default&#8221; custom_padding=&#8221;0px|||||&#8221; global_colors_info=&#8221;{}&#8221;][et_pb_column type=&#8221;4_4&#8243; _builder_version=&#8221;4.16&#8243; _module_preset=&#8221;default&#8221; global_colors_info=&#8221;{}&#8221;][et_pb_text _builder_version=&#8221;4.27.4&#8243; _module_preset=&#8221;default&#8221; text_font=&#8221;Poppins||||||||&#8221; text_text_color=&#8221;#FFFFFF&#8221; text_font_size=&#8221;16px&#8221; header_font=&#8221;Poppins||||||||&#8221; header_line_height=&#8221;1.4em&#8221; header_2_font=&#8221;Poppins|700|||||||&#8221; header_2_text_color=&#8221;#FFFFFF&#8221; header_2_font_size=&#8221;30px&#8221; header_2_line_height=&#8221;1.2em&#8221; header_3_font_size=&#8221;40px&#8221; background_color=&#8221;#14192d&#8221; custom_margin=&#8221;1px|||||&#8221; custom_padding=&#8221;30px|30px|30px|30px|true|true&#8221; border_radii=&#8221;off|10px|10px|10px|10px&#8221; global_colors_info=&#8221;{}&#8221;]<\/p>\n<p>GateMe vietnes (turpm\u0101k<span> <\/span><u>GateMe<\/u>) apmekl\u0113t\u0101ji un lietot\u0101ji piekr\u012bt iev\u0113rot \u0161\u0101dus lieto\u0161anas noteikumusi:<\/p>\n<p>&nbsp;<\/p>\n<ul>\n<li>GateMe p\u0101rvalda BaBash Group O\u00dc (turpm\u0101k <span> <\/span><u>BaBash Group<\/u>), adrese M\u00e4ealuse 2\/1, Tallinn, Harjumaa, 12618; e-pasts:<span> <\/span><a href=\"mailto:info@babash.eu\">info@gateme.com<\/a>.<\/li>\n<li>BaBash Group nav neviena pas\u0101kuma organizators. BaBash Group dod iesp\u0113ju p\u0113c piepras\u012bjuma un organizatoru, saimnieku, m\u0101kslinieku u.c. uzdevum\u0101 ieg\u0101d\u0101ties sevi viesu sarakst\u0101, un tai nav ties\u012bbu noteikt vai main\u012bt p\u0101rdo\u0161anas cenu un nosac\u012bjumus, t.sk. apmai\u0146as vai atmaksas izsnieg\u0161ana par nozaud\u0113tiem vai citiem ar notikumu saist\u012btiem priek\u0161metiem. Ar maks\u0101jumiem saist\u012bt\u0101s ties\u012bbas un pien\u0101kumus nosaka un pazi\u0146o pas\u0101kuma organizators, un BaBash Group nav atbild\u012bgs par \u0161o ties\u012bbu un pien\u0101kumu saturu, izpildi vai izmai\u0146\u0101m.<\/li>\n<li>BaBash Groupi GateMe platformas izmanto\u0161ana pas\u0101kumu organiz\u0113\u0161anai ir piln\u012bgi bez maksas, ja bi\u013cetes tiek p\u0101rdotas caur GateMe platformu. Gad\u012bjum\u0101, ja GateMe platforma tiek izmantota tikai viesu vad\u012bbai, t.i., cilv\u0113ku pievieno\u0161anai viesu sarakstiem un re\u0123istr\u0101cijai pas\u0101kuma laik\u0101, cena tiek iepriek\u0161 saska\u0146ota ar BasBash Group p\u0101rst\u0101vi pa telefonu, SMS vai e-pastu. Gad\u012bjum\u0101, ja nebija iesp\u0113jams sazin\u0101ties ar pas\u0101kuma organizatoru un vienoties par cenu, maksa par vienu pas\u0101kumu, kur\u0101 tiek izmantotas viesu vad\u012bbas funkcijas, b\u016bs \u20ac70+PVN. Maksa j\u0101samaks\u0101 p\u0113c r\u0113\u0137ina sa\u0146em\u0161anas no BaBash Group p\u0101rst\u0101vja. Maksa ir j\u0101maks\u0101 p\u0113c r\u0113\u0137ina sa\u0146em\u0161anas no BaBash Group p\u0101rst\u0101vja.<\/li>\n<li>BaBash Group nedarbojas k\u0101 pas\u0101kuma organizatora, m\u0101kslinieka vai jebkuras citas personas, kas ir atbild\u012bga par pas\u0101kuma saturu, kvalit\u0101ti, inform\u0101ciju vai rekl\u0101mu, p\u0101rst\u0101vis. Atbild\u012bg\u0101 persona ir uz\u0146\u0113mums, kura rekviz\u012bti un kontaktinform\u0101cija ir nor\u0101d\u012bta t\u0101 m\u0101jaslap\u0101, kas par\u0101d\u0101s p\u0113c apmaksas.<\/li>\n<li>Ne BaBash Group, ne pas\u0101kuma organizatoram nav pien\u0101kuma atmaks\u0101t naudu, ja klients ir main\u012bjis v\u0101rdu vai neapmekl\u0113 pas\u0101kumu.<\/li>\n<li>BaBash Group patur ties\u012bbas ierobe\u017eot viena klienta veikto maks\u0101jumu skaitu un atcelt jebkuru pirkumu, kas p\u0101rsniedz noteikto limitu.<\/li>\n<li>Kad klients b\u016bs samaks\u0101jis caur GateMe, vi\u0146\u0161 autom\u0101tiski tiks pievienots izv\u0113l\u0113t\u0101 pas\u0101kuma viesu sarakstam un tiks ielaists pas\u0101kum\u0101, uzr\u0101dot der\u012bgu ID.<\/li>\n<li>Gad\u012bjum\u0101, ja pas\u0101kuma organizators viesi neielai\u017e vi\u0146a ap\u0123\u0113rba, vecuma vai cita pas\u0101kuma organizatora noteikta st\u0101vok\u013ca d\u0113\u013c, BaBash Group nav pien\u0101kuma apmain\u012bt bi\u013cetes vai atmaks\u0101t naudu.<\/li>\n<li>BaBash Group neuz\u0146emas atbild\u012bbu par blo\u0137\u0113tu ieeju, ko izrais\u012bju\u0161i nepareizi GateMe lietot\u0101ja dati, koment\u0101ri, tre\u0161\u0101s puses darb\u012bbas un citi apst\u0101k\u013ci, kurus BaBash Group nevar ietekm\u0113t.<\/li>\n<li>BaBash Group nav atbild\u012bgs par blo\u0137\u0113tu ieeju, ja izv\u0113l\u0113tais pas\u0101kums un samaks\u0101t\u0101 summa ir nepareizi (nepareizs notikums, maz\u0101ka summa). Ja ir citi iemesli, k\u0101p\u0113c j\u016bsu ieeja var tikt ierobe\u017eota, l\u016bdzu, sazinieties ar BaBash Group:<span> <\/span><a href=\"mailto:info@babash.eu\">info@gateme.com<\/a>.<\/li>\n<li>BaBash Group nav pien\u0101kuma nodro\u0161in\u0101t apmai\u0146u vai naudas atmaksu gad\u012bjum\u0101, ja pas\u0101kums tiek atcelts, p\u0101rcelts vai p\u0101rcelts uz citu vietu. Mai\u0146u un\/vai naudas atmaksu nosaka un p\u0101rvalda pas\u0101kuma organizators, ja vien nav nor\u0101d\u012bts cit\u0101di.<\/li>\n<li>BaBash Group nav atbild\u012bgs par GateMe lietot\u0101ju sniegto ieguld\u012bjumu, koment\u0101riem vai citiem datiem vietn\u0113.<\/li>\n<li>GateMe vietne var satur\u0113t atsauces un saites uz inform\u0101ciju vis\u0101 pasaul\u0113 internet\u0101. T\u0101 k\u0101 BaBash Group nekontrol\u0113 \u0161\u012bs t\u012bmek\u013ca vietnes un taj\u0101s sniegto inform\u0101ciju, BaBash Group nav atbild\u012bga par \u0161o viet\u0146u precizit\u0101ti, atbilst\u012bbu, saturu un inform\u0101ciju.<\/li>\n<li>Jebk\u0101da \u0161\u012bs t\u012bmek\u013ca vietnes, t\u0101s satura un datu (tostarp atsauces uz GateMe) izmanto\u0161ana nelikum\u012bgos nol\u016bkos, k\u0101 ar\u012b rekl\u0101mai, uz\u0146\u0113m\u0113jdarb\u012bbai vai jebkurai citai komerci\u0101lai darb\u012bbai (ieskaitot aicin\u0101jumus) ir aizliegta bez iepriek\u0161\u0113jas rakstiskas BaBash Group piekri\u0161anas.<\/li>\n<li>GateMe lietot\u0101js piekr\u012bt nek\u0101d\u0101 veid\u0101 neiejaukties pareizajos GateMe vietnes darb\u012bbas un tehniskajos risin\u0101jumos. GateMe izmanto\u0161anas uzraudz\u012bba un \u0161\u0101du datu rezult\u0101tu kop\u0113\u0161ana, reproduc\u0113\u0161ana, modific\u0113\u0161ana, izmanto\u0161ana un public\u0113\u0161ana jebk\u0101diem nol\u016bkiem ir aizliegta. Jebk\u0101da darb\u012bba, kas rada nepamatotu slodzi m\u016bsu GateMe sist\u0113mai, m\u016bsu vietnei vai pareizai GateMe darb\u012bbai, ir aizliegta.<\/li>\n<li>GateMe vietnes lieto\u0161anas noteikumu p\u0101rk\u0101p\u0161ana dod BaBash Group ties\u012bbas blo\u0137\u0113t piek\u013cuvi un\/vai atcelt jebkura lietot\u0101ja pas\u016bt\u012bjumu.<\/li>\n<li>Darbojoties GateMe vietn\u0113, lietot\u0101js piekr\u012bt: 1) b\u016bt vismaz 18 gadus vecam piln\u012bb\u0101 atbild\u012bgai personai (7-18 gadus vecai personai ar ierobe\u017eotu atbild\u012bbu j\u0101apstiprina, ka vi\u0146am ir piln\u012bgs likumisk\u0101 p\u0101rst\u0101vja apstiprin\u0101jums un iesp\u0113ja izmantot GateMe vietne); 2) b\u016bt juridiskai personai, kuras p\u0101rst\u0101vis ir pilnvarots vi\u0146a v\u0101rd\u0101 izmantot vietni GateMe; 3) iev\u0113rot visus GateMe vietnes lieto\u0161anas noteikumus; 4) uz\u0146emties pilnu atbild\u012bbu par sek\u0101m, ja vi\u0146a lietot\u0101jv\u0101rds un parole k\u013c\u016bst zin\u0101mi tre\u0161ajai personai; 5) lai varam naktsklubam iedot vi\u0146a v\u0101rdu, e-pastu un telefona numuru.<\/li>\n<li>BaBash Group atsak\u0101s no jebk\u0101das atbild\u012bbas par atceltiem pas\u0101kumiem, to organiz\u0113\u0161anu, rekl\u0101mu, inform\u0101ciju vai citiem ar pas\u0101kumiem saist\u012btiem apst\u0101k\u013ciem, k\u0101 ar\u012b par iesp\u0113jamiem zaud\u0113jumiem un boj\u0101jumiem, kas var rasties pas\u0101kuma atcel\u0161anas rezult\u0101t\u0101.<\/li>\n<li>BaBash Group nav atbild\u012bgs par jebk\u0101diem zaud\u0113jumiem vai zaud\u0113jumiem, kas radu\u0161ies, izmantojot GateMe vietni un\/vai t\u0101s saturu un saites \u0161aj\u0101 vietn\u0113.<\/li>\n<li>BaBash Group nep\u0101rbauda lietot\u0101ja identit\u0101ti, iz\u0146emot lietot\u0101jv\u0101rdu un paroli.<\/li>\n<li>Ne BaBash Group, ne pas\u0101kuma organizatori nep\u0101rbauda maks\u0101t\u0101ja identit\u0101ti, k\u0101 ar\u012b nav atbild\u012bgi par zaud\u0113jumiem, kas var\u0113tu rasties no t\u0101.<\/li>\n<li>BaBash Group patur ties\u012bbas main\u012bt lieto\u0161anas noteikumus bez iepriek\u0161\u0113ja br\u012bdin\u0101juma, izmai\u0146as st\u0101jas sp\u0113k\u0101 p\u0113c to public\u0113\u0161anas <span> <\/span><a href=\"https:\/\/gateme.com\/lv\/pro\/lietosanas-noteikumi\/\">https:\/\/gateme.com\/lv\/pro\/lietosanas-noteikumi\/<\/a> lap\u0101.<\/li>\n<li>Visas pretenzijas par pas\u0101kuma saturu, kvalit\u0101ti un rekl\u0101mu j\u0101iesniedz pas\u0101kuma organizatoriem.<\/li>\n<li>Visi str\u012bdi, kas rodas no GateMe vietnes izmanto\u0161anas, tiek risin\u0101ti saska\u0146\u0101 ar sp\u0113k\u0101 eso\u0161ajiem Lieto\u0161anas noteikumiem un Igaunijas likumiem.<\/li>\n<\/ul>\n<ul><\/ul>\n<p>[\/et_pb_text][\/et_pb_column][\/et_pb_row][\/et_pb_section]<\/p>\n","protected":false},"excerpt":{"rendered":"<p>Lieto\u0161anas noteikumiVienk\u0101r\u0161a pas\u0101kumu vad\u012bba jebkura veida pas\u0101kumiemGateMe vietnes (turpm\u0101k GateMe) apmekl\u0113t\u0101ji un lietot\u0101ji piekr\u012bt iev\u0113rot \u0161\u0101dus lieto\u0161anas noteikumusi: &nbsp; GateMe p\u0101rvalda BaBash Group O\u00dc (turpm\u0101k BaBash Group), adrese M\u00e4ealuse 2\/1, Tallinn, Harjumaa, 12618; e-pasts: info@gateme.com. BaBash Group nav neviena pas\u0101kuma organizators. BaBash Group dod iesp\u0113ju p\u0113c piepras\u012bjuma un organizatoru, saimnieku, m\u0101kslinieku u.c. uzdevum\u0101 ieg\u0101d\u0101ties sevi [&hellip;]<\/p>\n","protected":false},"author":1,"featured_media":0,"parent":0,"menu_order":0,"comment_status":"closed","ping_status":"closed","template":"","meta":{"_et_pb_use_builder":"on","_et_pb_old_content":"","_et_gb_content_width":"1080","_monsterinsights_skip_tracking":false,"_monsterinsights_sitenote_active":false,"_monsterinsights_sitenote_note":"","_monsterinsights_sitenote_category":0,"footnotes":""},"class_list":["post-1608","page","type-page","status-publish","hentry"],"yoast_head":"<!-- This site is optimized with the Yoast SEO plugin v27.5 - https:\/\/yoast.com\/product\/yoast-seo-wordpress\/ -->\n<title>GateMe \u2014 izveidojiet pas\u0101kumus, p\u0101rdodiet bi\u013cetes un p\u0101rvaldiet viesus<\/title>\n<meta name=\"description\" content=\"Vienk\u0101r\u0161\u0101kais un pieejam\u0101kais veids, k\u0101 bez maksas vienuviet izveidot neierobe\u017eotu pas\u0101kumu skaitu, p\u0101rdot bi\u013cetes un p\u0101rvald\u012bt viesus!\" \/>\n<meta name=\"robots\" content=\"index, follow, max-snippet:-1, max-image-preview:large, max-video-preview:-1\" \/>\n<link rel=\"canonical\" href=\"https:\/\/wp.gateme.com\/lv\/lietosanas-noteikumi\/\" \/>\n<meta property=\"og:locale\" content=\"lv_LV\" \/>\n<meta property=\"og:type\" content=\"article\" \/>\n<meta property=\"og:title\" content=\"GateMe \u2014 izveidojiet pas\u0101kumus, p\u0101rdodiet bi\u013cetes un p\u0101rvaldiet viesus\" \/>\n<meta property=\"og:description\" content=\"Vienk\u0101r\u0161\u0101kais un pieejam\u0101kais veids, k\u0101 bez maksas vienuviet izveidot neierobe\u017eotu pas\u0101kumu skaitu, p\u0101rdot bi\u013cetes un p\u0101rvald\u012bt viesus!\" \/>\n<meta property=\"og:url\" content=\"https:\/\/wp.gateme.com\/lv\/lietosanas-noteikumi\/\" \/>\n<meta property=\"og:site_name\" content=\"GateMe\" \/>\n<meta property=\"article:modified_time\" content=\"2025-10-15T11:18:12+00:00\" \/>\n<meta name=\"twitter:card\" content=\"summary_large_image\" \/>\n<meta name=\"twitter:label1\" content=\"Est. reading time\" \/>\n\t<meta name=\"twitter:data1\" content=\"4 minutes\" \/>\n<script type=\"application\/ld+json\" class=\"yoast-schema-graph\">{\"@context\":\"https:\\\/\\\/schema.org\",\"@graph\":[{\"@type\":\"WebPage\",\"@id\":\"https:\\\/\\\/wp.gateme.com\\\/lv\\\/lietosanas-noteikumi\\\/\",\"url\":\"https:\\\/\\\/wp.gateme.com\\\/lv\\\/lietosanas-noteikumi\\\/\",\"name\":\"GateMe \u2014 izveidojiet pas\u0101kumus, p\u0101rdodiet bi\u013cetes un p\u0101rvaldiet viesus\",\"isPartOf\":{\"@id\":\"https:\\\/\\\/wp.gateme.com\\\/lv\\\/#website\"},\"datePublished\":\"2021-08-06T13:47:51+00:00\",\"dateModified\":\"2025-10-15T11:18:12+00:00\",\"description\":\"Vienk\u0101r\u0161\u0101kais un pieejam\u0101kais veids, k\u0101 bez maksas vienuviet izveidot neierobe\u017eotu pas\u0101kumu skaitu, p\u0101rdot bi\u013cetes un p\u0101rvald\u012bt viesus!\",\"breadcrumb\":{\"@id\":\"https:\\\/\\\/wp.gateme.com\\\/lv\\\/lietosanas-noteikumi\\\/#breadcrumb\"},\"inLanguage\":\"lv-LV\",\"potentialAction\":[{\"@type\":\"ReadAction\",\"target\":[\"https:\\\/\\\/wp.gateme.com\\\/lv\\\/lietosanas-noteikumi\\\/\"]}]},{\"@type\":\"BreadcrumbList\",\"@id\":\"https:\\\/\\\/wp.gateme.com\\\/lv\\\/lietosanas-noteikumi\\\/#breadcrumb\",\"itemListElement\":[{\"@type\":\"ListItem\",\"position\":1,\"name\":\"Home\",\"item\":\"https:\\\/\\\/wp.gateme.com\\\/lv\\\/\"},{\"@type\":\"ListItem\",\"position\":2,\"name\":\"Lieto\u0161anas noteikumi\"}]},{\"@type\":\"WebSite\",\"@id\":\"https:\\\/\\\/wp.gateme.com\\\/lv\\\/#website\",\"url\":\"https:\\\/\\\/wp.gateme.com\\\/lv\\\/\",\"name\":\"GateMe\",\"description\":\"Cheapest and Easiest Way to Sell Tickets\",\"potentialAction\":[{\"@type\":\"SearchAction\",\"target\":{\"@type\":\"EntryPoint\",\"urlTemplate\":\"https:\\\/\\\/wp.gateme.com\\\/lv\\\/?s={search_term_string}\"},\"query-input\":{\"@type\":\"PropertyValueSpecification\",\"valueRequired\":true,\"valueName\":\"search_term_string\"}}],\"inLanguage\":\"lv-LV\"}]}<\/script>\n<!-- \/ Yoast SEO plugin. -->","yoast_head_json":{"title":"GateMe \u2014 izveidojiet pas\u0101kumus, p\u0101rdodiet bi\u013cetes un p\u0101rvaldiet viesus","description":"Vienk\u0101r\u0161\u0101kais un pieejam\u0101kais veids, k\u0101 bez maksas vienuviet izveidot neierobe\u017eotu pas\u0101kumu skaitu, p\u0101rdot bi\u013cetes un p\u0101rvald\u012bt viesus!","robots":{"index":"index","follow":"follow","max-snippet":"max-snippet:-1","max-image-preview":"max-image-preview:large","max-video-preview":"max-video-preview:-1"},"canonical":"https:\/\/wp.gateme.com\/lv\/lietosanas-noteikumi\/","og_locale":"lv_LV","og_type":"article","og_title":"GateMe \u2014 izveidojiet pas\u0101kumus, p\u0101rdodiet bi\u013cetes un p\u0101rvaldiet viesus","og_description":"Vienk\u0101r\u0161\u0101kais un pieejam\u0101kais veids, k\u0101 bez maksas vienuviet izveidot neierobe\u017eotu pas\u0101kumu skaitu, p\u0101rdot bi\u013cetes un p\u0101rvald\u012bt viesus!","og_url":"https:\/\/wp.gateme.com\/lv\/lietosanas-noteikumi\/","og_site_name":"GateMe","article_modified_time":"2025-10-15T11:18:12+00:00","twitter_card":"summary_large_image","twitter_misc":{"Est. reading time":"4 minutes"},"schema":{"@context":"https:\/\/schema.org","@graph":[{"@type":"WebPage","@id":"https:\/\/wp.gateme.com\/lv\/lietosanas-noteikumi\/","url":"https:\/\/wp.gateme.com\/lv\/lietosanas-noteikumi\/","name":"GateMe \u2014 izveidojiet pas\u0101kumus, p\u0101rdodiet bi\u013cetes un p\u0101rvaldiet viesus","isPartOf":{"@id":"https:\/\/wp.gateme.com\/lv\/#website"},"datePublished":"2021-08-06T13:47:51+00:00","dateModified":"2025-10-15T11:18:12+00:00","description":"Vienk\u0101r\u0161\u0101kais un pieejam\u0101kais veids, k\u0101 bez maksas vienuviet izveidot neierobe\u017eotu pas\u0101kumu skaitu, p\u0101rdot bi\u013cetes un p\u0101rvald\u012bt viesus!","breadcrumb":{"@id":"https:\/\/wp.gateme.com\/lv\/lietosanas-noteikumi\/#breadcrumb"},"inLanguage":"lv-LV","potentialAction":[{"@type":"ReadAction","target":["https:\/\/wp.gateme.com\/lv\/lietosanas-noteikumi\/"]}]},{"@type":"BreadcrumbList","@id":"https:\/\/wp.gateme.com\/lv\/lietosanas-noteikumi\/#breadcrumb","itemListElement":[{"@type":"ListItem","position":1,"name":"Home","item":"https:\/\/wp.gateme.com\/lv\/"},{"@type":"ListItem","position":2,"name":"Lieto\u0161anas noteikumi"}]},{"@type":"WebSite","@id":"https:\/\/wp.gateme.com\/lv\/#website","url":"https:\/\/wp.gateme.com\/lv\/","name":"GateMe","description":"Cheapest and Easiest Way to Sell Tickets","potentialAction":[{"@type":"SearchAction","target":{"@type":"EntryPoint","urlTemplate":"https:\/\/wp.gateme.com\/lv\/?s={search_term_string}"},"query-input":{"@type":"PropertyValueSpecification","valueRequired":true,"valueName":"search_term_string"}}],"inLanguage":"lv-LV"}]}},"_links":{"self":[{"href":"https:\/\/wp.gateme.com\/lv\/wp-json\/wp\/v2\/pages\/1608","targetHints":{"allow":["GET"]}}],"collection":[{"href":"https:\/\/wp.gateme.com\/lv\/wp-json\/wp\/v2\/pages"}],"about":[{"href":"https:\/\/wp.gateme.com\/lv\/wp-json\/wp\/v2\/types\/page"}],"author":[{"embeddable":true,"href":"https:\/\/wp.gateme.com\/lv\/wp-json\/wp\/v2\/users\/1"}],"replies":[{"embeddable":true,"href":"https:\/\/wp.gateme.com\/lv\/wp-json\/wp\/v2\/comments?post=1608"}],"version-history":[{"count":5,"href":"https:\/\/wp.gateme.com\/lv\/wp-json\/wp\/v2\/pages\/1608\/revisions"}],"predecessor-version":[{"id":25967388,"href":"https:\/\/wp.gateme.com\/lv\/wp-json\/wp\/v2\/pages\/1608\/revisions\/25967388"}],"wp:attachment":[{"href":"https:\/\/wp.gateme.com\/lv\/wp-json\/wp\/v2\/media?parent=1608"}],"curies":[{"name":"wp","href":"https:\/\/api.w.org\/{rel}","templated":true}]}}