{"id":1614,"date":"2021-08-06T13:43:02","date_gmt":"2021-08-06T13:43:02","guid":{"rendered":"http:\/\/wp.gateme.comprivatuma-politika\/"},"modified":"2025-10-15T11:35:54","modified_gmt":"2025-10-15T11:35:54","slug":"privatuma-politika","status":"publish","type":"page","link":"https:\/\/wp.gateme.com\/lv\/privatuma-politika\/","title":{"rendered":"Priv\u0101tuma politika"},"content":{"rendered":"<p>[et_pb_section fb_built=&#8221;1&#8243; admin_label=&#8221;Header&#8221; _builder_version=&#8221;4.16&#8243; _module_preset=&#8221;default&#8221; use_background_color_gradient=&#8221;on&#8221; background_color_gradient_type=&#8221;circular&#8221; background_color_gradient_direction_radial=&#8221;bottom&#8221; background_color_gradient_stops=&#8221;#27769a 0%|#000000 90%&#8221; background_color_gradient_start=&#8221;#27769a&#8221; background_color_gradient_end=&#8221;#000000&#8243; background_color_gradient_end_position=&#8221;90%&#8221; background_enable_image=&#8221;off&#8221; background_size=&#8221;contain&#8221; background_position=&#8221;bottom_center&#8221; overflow-x=&#8221;visible&#8221; overflow-y=&#8221;visible&#8221; custom_margin=&#8221;50px|3vw|50px|3vw|false|true&#8221; custom_padding=&#8221;0px||0px||false|false&#8221; background_last_edited=&#8221;on|tablet&#8221; background_mask_aspect_ratio_tablet=&#8221;portrait&#8221; border_radii=&#8221;on|1.5vw|1.5vw|1.5vw|1.5vw&#8221; locked=&#8221;off&#8221; collapsed=&#8221;on&#8221; global_colors_info=&#8221;{%22gcid-64653083-5242-43fe-8dfb-3d72435526c0%22:%91%22background_color_gradient_stops%22,%22background_color_gradient_stops%22%93}&#8221;][et_pb_row _builder_version=&#8221;4.21.0&#8243; _module_preset=&#8221;default&#8221; width=&#8221;90%&#8221; custom_padding=&#8221;68px||40px|||&#8221; locked=&#8221;off&#8221; global_colors_info=&#8221;{}&#8221;][et_pb_column type=&#8221;4_4&#8243; _builder_version=&#8221;4.21.0&#8243; _module_preset=&#8221;default&#8221; global_colors_info=&#8221;{}&#8221;][et_pb_text _builder_version=&#8221;4.27.4&#8243; _module_preset=&#8221;f021f819-6644-4181-99da-306200320a84&#8243; header_font=&#8221;Inter|700|||||||&#8221; header_text_color=&#8221;#FFFFFF&#8221; header_font_size=&#8221;55px&#8221; header_line_height=&#8221;1.15em&#8221; text_orientation=&#8221;center&#8221; custom_margin=&#8221;||10px||false|false&#8221; header_font_size_tablet=&#8221;40px&#8221; header_font_size_phone=&#8221;24px&#8221; header_font_size_last_edited=&#8221;on|desktop&#8221; global_colors_info=&#8221;{}&#8221;]<\/p>\n<h1 style=\"text-align: center;\">Priv\u0101tuma politika<\/h1>\n<p>[\/et_pb_text][et_pb_text _builder_version=&#8221;4.27.4&#8243; _module_preset=&#8221;e60e9dbe-afe3-420a-8618-fdee020217e9&#8243; text_text_color=&#8221;#FFFFFF&#8221; text_font_size=&#8221;18px&#8221; text_line_height=&#8221;1.8em&#8221; custom_margin=&#8221;||41px|||&#8221; text_font_size_tablet=&#8221;15px&#8221; text_font_size_phone=&#8221;14px&#8221; text_font_size_last_edited=&#8221;on|desktop&#8221; locked=&#8221;off&#8221; global_colors_info=&#8221;{}&#8221;]<\/p>\n<p style=\"text-align: center;\">Vienk\u0101r\u0161a pas\u0101kumu vad\u012bba jebkura veida pas\u0101kumiem<\/p>\n<p>[\/et_pb_text][\/et_pb_column][\/et_pb_row][\/et_pb_section][et_pb_section fb_built=&#8221;1&#8243; _builder_version=&#8221;4.16&#8243; _module_preset=&#8221;default&#8221; global_colors_info=&#8221;{}&#8221;][et_pb_row _builder_version=&#8221;4.16&#8243; _module_preset=&#8221;default&#8221; global_colors_info=&#8221;{}&#8221;][et_pb_column type=&#8221;4_4&#8243; _builder_version=&#8221;4.16&#8243; _module_preset=&#8221;default&#8221; global_colors_info=&#8221;{}&#8221;][et_pb_text _builder_version=&#8221;4.16&#8243; _module_preset=&#8221;default&#8221; text_font=&#8221;Poppins||||||||&#8221; text_text_color=&#8221;#FFFFFF&#8221; header_text_color=&#8221;#FFFFFF&#8221; header_4_text_color=&#8221;#FFFFFF&#8221; header_4_line_height=&#8221;1.7em&#8221; background_color=&#8221;#14192d&#8221; custom_padding=&#8221;30px|40px|30px|40px|true|true&#8221; border_radii=&#8221;on|10px|10px|10px|10px&#8221; global_colors_info=&#8221;{}&#8221;]<\/p>\n<p>&nbsp;<\/p>\n<p class=\"p1\">GateMe vietnes (turpm\u0101k <b>GateMe<\/b>) priv\u0101tuma politika.<\/p>\n<p class=\"p1\">GateMe lapa atrodas BaBash Group O\u00dc (turpm\u0101k BaBash Group), aadress M\u00e4ealuse 2\/1, Tallina, Harjumaa, 12618, Igaunija; e-pasts: <a href=\"mailto:info@babash.eu\"><span class=\"s1\">info@gateme.com<\/span><\/a>. M\u0113s dar\u0101m visu iesp\u0113jamo, lai aizsarg\u0101tu GateMe lietot\u0101ju datus. Uzglab\u0101jot un izplatot klientu datus, m\u0113s vad\u0101mies p\u0113c \u0161\u0101diem darb\u012bbas principiem:<\/p>\n<p><u>Person\u012bg\u0101 inform\u0101cija<\/u><\/p>\n<ol>\n<li style=\"list-style-type: none;\">\n<ol>Ja v\u0113laties k\u013c\u016bt par GateMe lietot\u0101ju, re\u0123istr\u0113joties m\u0113s pras\u0101m j\u016bsu v\u0101rdu un e-pasta adresi.<\/ol>\n<\/li>\n<\/ol>\n<ol>\n<li style=\"list-style-type: none;\">\n<ol>\n<li style=\"list-style-type: none;\">\n<ul>\n<li>M\u0113s izmantojam j\u016bsu v\u0101rdu tikai j\u016bsu identific\u0113\u0161anai un nododam to naktsklubam, lai j\u016bsu identit\u0101ti var\u0113tu identific\u0113t pie durv\u012bm.<\/li>\n<li>J\u016bsu e-pasta adrese netiks izpausta tre\u0161aj\u0101m person\u0101m (iz\u0146emot m\u016bsu klientu naktsklubus).<\/li>\n<li>M\u0113s ierobe\u017eojam inform\u0101cijas v\u0101k\u0161anu l\u012bdz minimumam, kas nepiecie\u0161ams, lai nodro\u0161in\u0101tu augstas kvalit\u0101tes klientu apkalpo\u0161anu.<\/li>\n<li>M\u0113s neizpau\u017eam klientu datus tre\u0161aj\u0101m person\u0101m (iz\u0146emot v\u0101rdu un e-pasta adresi), iz\u0146emot gad\u012bjumus, kad esam sa\u0146\u0113mu\u0161i no klienta l\u012bgumisku vai citu piekri\u0161anu vai ar\u012b mums tas ir j\u0101dara saska\u0146\u0101 ar likumu.<\/li>\n<li>M\u0113s cen\u0161amies nodro\u0161in\u0101t, lai klientu dati b\u016btu piln\u012bgi, atjaunin\u0101ti un pareizi.<\/li>\n<\/ul>\n<\/li>\n<\/ol>\n<\/li>\n<\/ol>\n<p><u>Inform\u0101cija par visiem GateMe apmekl\u0113t\u0101jiem<\/u><\/p>\n<ol>M\u0113s galvenok\u0101rt apkopojam visp\u0101r\u012bgus datus par m\u016bsu apmekl\u0113t\u0101jiem, piem\u0113ram: kura lapa tiek apmekl\u0113ta visvair\u0101k, k\u0101di pas\u0101kumi tiek apmekl\u0113ti visvair\u0101k un k\u0101di pakalpojumi tiek izmantoti. M\u0113s izmantojam \u0161\u0101du inform\u0101ciju statistikas nol\u016bkos. Tas pal\u012bdz mums noskaidrot, kas klientus visvair\u0101k interes\u0113 un kas vi\u0146iem ir nepiecie\u0161ams. Pateicoties \u0161\u0101dai inform\u0101cijai, m\u0113s varam uzlabot savu pakalpojumu kvalit\u0101ti.<\/ol>\n<p>&nbsp;<\/p>\n<p>[\/et_pb_text][\/et_pb_column][\/et_pb_row][\/et_pb_section]<\/p>\n","protected":false},"excerpt":{"rendered":"<p>Priv\u0101tuma politikaVienk\u0101r\u0161a pas\u0101kumu vad\u012bba jebkura veida pas\u0101kumiem&nbsp; GateMe vietnes (turpm\u0101k GateMe) priv\u0101tuma politika. GateMe lapa atrodas BaBash Group O\u00dc (turpm\u0101k BaBash Group), aadress M\u00e4ealuse 2\/1, Tallina, Harjumaa, 12618, Igaunija; e-pasts: info@gateme.com. M\u0113s dar\u0101m visu iesp\u0113jamo, lai aizsarg\u0101tu GateMe lietot\u0101ju datus. Uzglab\u0101jot un izplatot klientu datus, m\u0113s vad\u0101mies p\u0113c \u0161\u0101diem darb\u012bbas principiem: Person\u012bg\u0101 inform\u0101cija Ja v\u0113laties [&hellip;]<\/p>\n","protected":false},"author":1,"featured_media":0,"parent":0,"menu_order":0,"comment_status":"closed","ping_status":"closed","template":"","meta":{"_et_pb_use_builder":"on","_et_pb_old_content":"","_et_gb_content_width":"1080","_monsterinsights_skip_tracking":false,"_monsterinsights_sitenote_active":false,"_monsterinsights_sitenote_note":"","_monsterinsights_sitenote_category":0,"footnotes":""},"class_list":["post-1614","page","type-page","status-publish","hentry"],"yoast_head":"<!-- This site is optimized with the Yoast SEO plugin v27.5 - https:\/\/yoast.com\/product\/yoast-seo-wordpress\/ -->\n<title>GateMe - Sell tickets to your events for free!<\/title>\n<meta name=\"description\" content=\"M\u0113s dar\u0101m visu iesp\u0113jamo, lai aizsarg\u0101tu GateMe lietot\u0101ju datus.\" \/>\n<meta name=\"robots\" content=\"index, follow, max-snippet:-1, max-image-preview:large, max-video-preview:-1\" \/>\n<link rel=\"canonical\" href=\"https:\/\/wp.gateme.com\/lv\/privatuma-politika\/\" \/>\n<meta property=\"og:locale\" content=\"lv_LV\" \/>\n<meta property=\"og:type\" content=\"article\" \/>\n<meta property=\"og:title\" content=\"GateMe - Sell tickets to your events for free!\" \/>\n<meta property=\"og:description\" content=\"M\u0113s dar\u0101m visu iesp\u0113jamo, lai aizsarg\u0101tu GateMe lietot\u0101ju datus.\" \/>\n<meta property=\"og:url\" content=\"https:\/\/wp.gateme.com\/lv\/privatuma-politika\/\" \/>\n<meta property=\"og:site_name\" content=\"GateMe\" \/>\n<meta property=\"article:modified_time\" content=\"2025-10-15T11:35:54+00:00\" \/>\n<meta name=\"twitter:card\" content=\"summary_large_image\" \/>\n<meta name=\"twitter:label1\" content=\"Est. reading time\" \/>\n\t<meta name=\"twitter:data1\" content=\"1 minute\" \/>\n<script type=\"application\/ld+json\" class=\"yoast-schema-graph\">{\"@context\":\"https:\\\/\\\/schema.org\",\"@graph\":[{\"@type\":\"WebPage\",\"@id\":\"https:\\\/\\\/wp.gateme.com\\\/lv\\\/privatuma-politika\\\/\",\"url\":\"https:\\\/\\\/wp.gateme.com\\\/lv\\\/privatuma-politika\\\/\",\"name\":\"GateMe - Sell tickets to your events for free!\",\"isPartOf\":{\"@id\":\"https:\\\/\\\/wp.gateme.com\\\/lv\\\/#website\"},\"datePublished\":\"2021-08-06T13:43:02+00:00\",\"dateModified\":\"2025-10-15T11:35:54+00:00\",\"description\":\"M\u0113s dar\u0101m visu iesp\u0113jamo, lai aizsarg\u0101tu GateMe lietot\u0101ju datus.\",\"breadcrumb\":{\"@id\":\"https:\\\/\\\/wp.gateme.com\\\/lv\\\/privatuma-politika\\\/#breadcrumb\"},\"inLanguage\":\"lv-LV\",\"potentialAction\":[{\"@type\":\"ReadAction\",\"target\":[\"https:\\\/\\\/wp.gateme.com\\\/lv\\\/privatuma-politika\\\/\"]}]},{\"@type\":\"BreadcrumbList\",\"@id\":\"https:\\\/\\\/wp.gateme.com\\\/lv\\\/privatuma-politika\\\/#breadcrumb\",\"itemListElement\":[{\"@type\":\"ListItem\",\"position\":1,\"name\":\"Home\",\"item\":\"https:\\\/\\\/wp.gateme.com\\\/lv\\\/\"},{\"@type\":\"ListItem\",\"position\":2,\"name\":\"Priv\u0101tuma politika\"}]},{\"@type\":\"WebSite\",\"@id\":\"https:\\\/\\\/wp.gateme.com\\\/lv\\\/#website\",\"url\":\"https:\\\/\\\/wp.gateme.com\\\/lv\\\/\",\"name\":\"GateMe\",\"description\":\"Cheapest and Easiest Way to Sell Tickets\",\"potentialAction\":[{\"@type\":\"SearchAction\",\"target\":{\"@type\":\"EntryPoint\",\"urlTemplate\":\"https:\\\/\\\/wp.gateme.com\\\/lv\\\/?s={search_term_string}\"},\"query-input\":{\"@type\":\"PropertyValueSpecification\",\"valueRequired\":true,\"valueName\":\"search_term_string\"}}],\"inLanguage\":\"lv-LV\"}]}<\/script>\n<!-- \/ Yoast SEO plugin. -->","yoast_head_json":{"title":"GateMe - Sell tickets to your events for free!","description":"M\u0113s dar\u0101m visu iesp\u0113jamo, lai aizsarg\u0101tu GateMe lietot\u0101ju datus.","robots":{"index":"index","follow":"follow","max-snippet":"max-snippet:-1","max-image-preview":"max-image-preview:large","max-video-preview":"max-video-preview:-1"},"canonical":"https:\/\/wp.gateme.com\/lv\/privatuma-politika\/","og_locale":"lv_LV","og_type":"article","og_title":"GateMe - Sell tickets to your events for free!","og_description":"M\u0113s dar\u0101m visu iesp\u0113jamo, lai aizsarg\u0101tu GateMe lietot\u0101ju datus.","og_url":"https:\/\/wp.gateme.com\/lv\/privatuma-politika\/","og_site_name":"GateMe","article_modified_time":"2025-10-15T11:35:54+00:00","twitter_card":"summary_large_image","twitter_misc":{"Est. reading time":"1 minute"},"schema":{"@context":"https:\/\/schema.org","@graph":[{"@type":"WebPage","@id":"https:\/\/wp.gateme.com\/lv\/privatuma-politika\/","url":"https:\/\/wp.gateme.com\/lv\/privatuma-politika\/","name":"GateMe - Sell tickets to your events for free!","isPartOf":{"@id":"https:\/\/wp.gateme.com\/lv\/#website"},"datePublished":"2021-08-06T13:43:02+00:00","dateModified":"2025-10-15T11:35:54+00:00","description":"M\u0113s dar\u0101m visu iesp\u0113jamo, lai aizsarg\u0101tu GateMe lietot\u0101ju datus.","breadcrumb":{"@id":"https:\/\/wp.gateme.com\/lv\/privatuma-politika\/#breadcrumb"},"inLanguage":"lv-LV","potentialAction":[{"@type":"ReadAction","target":["https:\/\/wp.gateme.com\/lv\/privatuma-politika\/"]}]},{"@type":"BreadcrumbList","@id":"https:\/\/wp.gateme.com\/lv\/privatuma-politika\/#breadcrumb","itemListElement":[{"@type":"ListItem","position":1,"name":"Home","item":"https:\/\/wp.gateme.com\/lv\/"},{"@type":"ListItem","position":2,"name":"Priv\u0101tuma politika"}]},{"@type":"WebSite","@id":"https:\/\/wp.gateme.com\/lv\/#website","url":"https:\/\/wp.gateme.com\/lv\/","name":"GateMe","description":"Cheapest and Easiest Way to Sell Tickets","potentialAction":[{"@type":"SearchAction","target":{"@type":"EntryPoint","urlTemplate":"https:\/\/wp.gateme.com\/lv\/?s={search_term_string}"},"query-input":{"@type":"PropertyValueSpecification","valueRequired":true,"valueName":"search_term_string"}}],"inLanguage":"lv-LV"}]}},"_links":{"self":[{"href":"https:\/\/wp.gateme.com\/lv\/wp-json\/wp\/v2\/pages\/1614","targetHints":{"allow":["GET"]}}],"collection":[{"href":"https:\/\/wp.gateme.com\/lv\/wp-json\/wp\/v2\/pages"}],"about":[{"href":"https:\/\/wp.gateme.com\/lv\/wp-json\/wp\/v2\/types\/page"}],"author":[{"embeddable":true,"href":"https:\/\/wp.gateme.com\/lv\/wp-json\/wp\/v2\/users\/1"}],"replies":[{"embeddable":true,"href":"https:\/\/wp.gateme.com\/lv\/wp-json\/wp\/v2\/comments?post=1614"}],"version-history":[{"count":5,"href":"https:\/\/wp.gateme.com\/lv\/wp-json\/wp\/v2\/pages\/1614\/revisions"}],"predecessor-version":[{"id":25965922,"href":"https:\/\/wp.gateme.com\/lv\/wp-json\/wp\/v2\/pages\/1614\/revisions\/25965922"}],"wp:attachment":[{"href":"https:\/\/wp.gateme.com\/lv\/wp-json\/wp\/v2\/media?parent=1614"}],"curies":[{"name":"wp","href":"https:\/\/api.w.org\/{rel}","templated":true}]}}